{"id":256463,"date":"2023-11-22T00:13:20","date_gmt":"2023-11-22T00:13:20","guid":{"rendered":"https:\/\/synega.com\/?page_id=256463"},"modified":"2024-06-25T11:17:41","modified_gmt":"2024-06-25T11:17:41","slug":"lokasjoner","status":"publish","type":"page","link":"https:\/\/synega.com\/no-no\/om-oss\/lokasjoner","title":{"rendered":"Lokasjoner"},"content":{"rendered":"<p>[et_pb_section fb_built=&#8221;1&#8243; _builder_version=&#8221;4.22.2&#8243; _module_preset=&#8221;default&#8221; background_enable_color=&#8221;off&#8221; custom_margin=&#8221;15px||||false|false&#8221; custom_padding=&#8221;9px||22px|||&#8221; global_colors_info=&#8221;{}&#8221;][et_pb_row _builder_version=&#8221;4.22.2&#8243; _module_preset=&#8221;default&#8221; background_color=&#8221;#f9f9f9&#8243; width=&#8221;95%&#8221; max_width=&#8221;95%&#8221; custom_margin=&#8221;-5px||-5px||false|false&#8221; custom_margin_tablet=&#8221;-5px||-5px||false|false&#8221; custom_margin_phone=&#8221;||-40px||false|false&#8221; custom_margin_last_edited=&#8221;on|phone&#8221; custom_padding=&#8221;90px|20px|90px|20px|true|true&#8221; border_radii=&#8221;on|10px|10px|10px|10px&#8221; global_colors_info=&#8221;{}&#8221;][et_pb_column type=&#8221;4_4&#8243; _builder_version=&#8221;4.22.1&#8243; _module_preset=&#8221;default&#8221; global_colors_info=&#8221;{}&#8221;][et_pb_text _builder_version=&#8221;4.23.1&#8243; _module_preset=&#8221;default&#8221; text_font=&#8221;Roboto||||||||&#8221; text_font_size=&#8221;10px&#8221; header_font=&#8221;Roboto||||||||&#8221; header_font_size=&#8221;25px&#8221; header_2_font=&#8221;Roboto||||||||&#8221; header_2_font_size=&#8221;20px&#8221; text_orientation=&#8221;center&#8221; custom_margin=&#8221;||5px||false|false&#8221; custom_margin_tablet=&#8221;||5px||false|false&#8221; custom_margin_phone=&#8221;-30px||||false|false&#8221; custom_margin_last_edited=&#8221;on|phone&#8221; global_colors_info=&#8221;{}&#8221;]<\/p>\n<h2 class=\"title-section__title hero-content__title text-h2-title-l\" data-testid=\"genericText\"><strong>LOKASJONER<\/strong><\/h2>\n<p>[\/et_pb_text][et_pb_text _builder_version=&#8221;4.23.1&#8243; _module_preset=&#8221;default&#8221; header_font_size=&#8221;32px&#8221; text_orientation=&#8221;center&#8221; header_line_height_tablet=&#8221;1.3em&#8221; header_line_height_phone=&#8221;1.3em&#8221; header_line_height_last_edited=&#8221;on|tablet&#8221; global_colors_info=&#8221;{}&#8221;]<\/p>\n<h1 class=\"title-section__title title-section--aligned-left text-h2-title-l\" data-testid=\"genericText\">Teamet v\u00e5rt rundt om i Norge<\/h1>\n<p>[\/et_pb_text][et_pb_text _builder_version=&#8221;4.23.1&#8243; _module_preset=&#8221;default&#8221; text_font=&#8221;Roboto|300|||||||&#8221; text_text_color=&#8221;#000000&#8243; text_font_size=&#8221;18px&#8221; text_line_height=&#8221;1.5em&#8221; text_orientation=&#8221;center&#8221; width=&#8221;50%&#8221; width_tablet=&#8221;75%&#8221; width_phone=&#8221;100%&#8221; width_last_edited=&#8221;on|phone&#8221; module_alignment=&#8221;center&#8221; custom_margin=&#8221;-18px||||false|false&#8221; global_colors_info=&#8221;{}&#8221;]<\/p>\n<p class=\"title-section__title hero-content__title text-h2-title-l\" data-testid=\"genericText\"><span>Synega er et nettbasert selskap, uten fysiske kontorer, med medarbeidere som leverer tjenester av h\u00f8y kvalitet, fra hvor de selv m\u00e5tte \u00f8nske \u00e5 jobbe. Vi er stolte av tilrettelegge p\u00e5 en m\u00e5te som gj\u00f8r at v\u00e5re konsulenter f\u00e5r hverdagen til \u00e5 g\u00e5 opp, slik at de kan yte sitt beste.<\/span><\/p>\n<p>[\/et_pb_text][et_pb_button button_url=&#8221;#lokasjoner&#8221; button_text=&#8221;Se alle lokasjoner&#8221; button_alignment=&#8221;center&#8221; _builder_version=&#8221;4.23.1&#8243; _module_preset=&#8221;default&#8221; custom_button=&#8221;on&#8221; button_text_size=&#8221;18px&#8221; button_text_color=&#8221;#FFFFFF&#8221; button_bg_color=&#8221;#224560&#8243; button_border_width=&#8221;0px&#8221; button_border_radius=&#8221;5px&#8221; button_font=&#8221;Roboto||||||||&#8221; button_icon=&#8221;&#x24;||divi||400&#8243; global_colors_info=&#8221;{}&#8221;][\/et_pb_button][\/et_pb_column][\/et_pb_row][\/et_pb_section][et_pb_section fb_built=&#8221;1&#8243; _builder_version=&#8221;4.22.1&#8243; _module_preset=&#8221;default&#8221; background_enable_color=&#8221;off&#8221; custom_padding=&#8221;80px||50px|||&#8221; global_colors_info=&#8221;{}&#8221;][et_pb_row column_structure=&#8221;1_2,1_2&#8243; _builder_version=&#8221;4.22.1&#8243; _module_preset=&#8221;default&#8221; global_colors_info=&#8221;{}&#8221;][et_pb_column type=&#8221;1_2&#8243; _builder_version=&#8221;4.22.1&#8243; _module_preset=&#8221;default&#8221; global_colors_info=&#8221;{}&#8221;][et_pb_text _builder_version=&#8221;4.25.0&#8243; _module_preset=&#8221;default&#8221; text_font=&#8221;Roboto|300|||||||&#8221; text_text_color=&#8221;#000000&#8243; header_font=&#8221;Roboto||||||||&#8221; header_2_font=&#8221;Roboto||||||||&#8221; header_2_font_size=&#8221;18px&#8221; custom_margin=&#8221;||2px||false|false&#8221; global_colors_info=&#8221;{}&#8221;]<\/p>\n<h2 class=\"title-section__title title-section--aligned-center text-h2-title-m\" data-testid=\"genericText\" style=\"text-align: center;\">Tenk globalt &#8211; handle lokalt<\/h2>\n<p>[\/et_pb_text][et_pb_text _builder_version=&#8221;4.25.0&#8243; _module_preset=&#8221;default&#8221; header_text_align=&#8221;left&#8221; header_font_size=&#8221;32px&#8221; header_line_height=&#8221;1.3em&#8221; header_2_font=&#8221;Open Sans||||||||&#8221; header_2_font_size=&#8221;32px&#8221; width=&#8221;100%&#8221; global_colors_info=&#8221;{}&#8221;]<\/p>\n<h2 class=\"title-section__title title-section--aligned-center text-h2-title-m\" data-testid=\"genericText\" style=\"text-align: center;\">Velkommen til v\u00e5r lokasjonsside<\/h2>\n<p>[\/et_pb_text][et_pb_text _builder_version=&#8221;4.25.1&#8243; _module_preset=&#8221;default&#8221; text_font=&#8221;Roboto|300|||||||&#8221; text_text_color=&#8221;#000000&#8243; text_font_size=&#8221;18px&#8221; text_line_height=&#8221;1.5em&#8221; link_font=&#8221;||||on||||&#8221; width=&#8221;100%&#8221; module_alignment=&#8221;left&#8221; custom_margin=&#8221;-18px||||false|false&#8221; global_colors_info=&#8221;{}&#8221;]<\/p>\n<p style=\"text-align: center;\"><span>Vi har et team med h\u00f8yt kvalifiserte konsulenter rundt i hele Norge; inkludert <a href=\"https:\/\/synega.com\/no-no\/byer-regnskap\/regnskapsforer-oslo\">Oslo<\/a>, <a href=\"https:\/\/synega.com\/no-no\/byer-regnskap\/regnskapsforer-bergen\">Bergen<\/a>, <a href=\"https:\/\/synega.com\/no-no\/byer-regnskap\/regnskapsforer-trondheim\">Trondheim<\/a>, <a href=\"https:\/\/synega.com\/no-no\/byer-regnskap\/regnskapsforer-tonsberg\">T\u00f8nsberg<\/a>, <a href=\"https:\/\/synega.com\/no-no\/byer-regnskap\/regnskapsforer-stavanger\">Stavanger<\/a>, <a href=\"https:\/\/synega.com\/no-no\/byer-regnskap\/regnskapsforer-tromso\">Troms\u00f8<\/a>, <a href=\"https:\/\/synega.com\/no-no\/byer-regnskap\/regnskapsforer-fredrikstad\">Fredrikstad<\/a>,\u00a0<a href=\"https:\/\/synega.com\/no-no\/byer-regnskap\/regnskapsforer-drammen\">Drammen,<\/a> <a href=\"https:\/\/synega.com\/no-no\/byer-regnskap\/regnskapsforer-alesund\">\u00c5lesund,<\/a> <a href=\"https:\/\/synega.com\/no-no\/byer-regnskap\/regnskapsforer-hamar\">Hamar<\/a> og <a href=\"https:\/\/synega.com\/no-no\/byer-regnskap\/regnskapsforer-kristiansand\">Kristiansand<\/a>.<\/span><\/p>\n<p style=\"text-align: center;\"><span>Hos oss praktiserer vi en &#8220;tenk globalt &#8211; handle lokalt&#8221; tiln\u00e6rming, n\u00e5r vi hjelper v\u00e5re kunder. Ved \u00e5 gi v\u00e5re konsulenter fleksibiliteten til \u00e5 jobbe utenfor et rigid kontormilj\u00f8, f\u00e5r de verdifull erfaring fra den virkelige verden ved \u00e5 bo i ulike deler av Norge og verden. Denne erfaringen lar dem bedre forst\u00e5 nyansene ved \u00e5 bo og jobbe i ulike regioner, noe som gj\u00f8r dem enda bedre rustet til \u00e5 hjelpe v\u00e5re kunder.<\/span><\/p>\n<p>[\/et_pb_text][\/et_pb_column][et_pb_column type=&#8221;1_2&#8243; _builder_version=&#8221;4.22.1&#8243; _module_preset=&#8221;default&#8221; global_colors_info=&#8221;{}&#8221;][et_pb_image src=&#8221;https:\/\/synega.com\/wp-content\/uploads\/2023\/12\/man-holding-hand-out.webp&#8221; alt=&#8221;Lokasjoner Synega&#8221; title_text=&#8221;Lokasjoner Synega&#8221; align=&#8221;center&#8221; _builder_version=&#8221;4.23.1&#8243; _module_preset=&#8221;default&#8221; width=&#8221;90%&#8221; width_tablet=&#8221;70%&#8221; width_phone=&#8221;&#8221; width_last_edited=&#8221;on|tablet&#8221; custom_margin=&#8221;35px||||false|false&#8221; global_colors_info=&#8221;{}&#8221;][\/et_pb_image][\/et_pb_column][\/et_pb_row][\/et_pb_section][et_pb_section fb_built=&#8221;1&#8243; module_id=&#8221;lokasjoner&#8221; _builder_version=&#8221;4.23.1&#8243; _module_preset=&#8221;default&#8221; global_colors_info=&#8221;{}&#8221;][et_pb_row _builder_version=&#8221;4.22.1&#8243; _module_preset=&#8221;default&#8221; width=&#8221;90%&#8221; global_colors_info=&#8221;{}&#8221;][et_pb_column type=&#8221;4_4&#8243; _builder_version=&#8221;4.22.1&#8243; _module_preset=&#8221;default&#8221; global_colors_info=&#8221;{}&#8221;][et_pb_text _builder_version=&#8221;4.23.4&#8243; _module_preset=&#8221;default&#8221; text_font=&#8221;Roboto|300|||||||&#8221; text_text_color=&#8221;#000000&#8243; header_font=&#8221;Roboto||||||||&#8221; header_2_font=&#8221;Roboto||||||||&#8221; header_2_font_size=&#8221;18px&#8221; module_alignment=&#8221;center&#8221; custom_margin=&#8221;||2px||false|false&#8221; global_colors_info=&#8221;{}&#8221;]<\/p>\n<h2 class=\"title-section__title title-section--aligned-center text-h2-title-m\" data-testid=\"genericText\" style=\"text-align: center;\">Hvor vi jobber fra<\/h2>\n<p>[\/et_pb_text][et_pb_text _builder_version=&#8221;4.23.4&#8243; _module_preset=&#8221;default&#8221; header_text_align=&#8221;left&#8221; header_font_size=&#8221;32px&#8221; header_line_height=&#8221;1.3em&#8221; header_2_font=&#8221;Open Sans||||||||&#8221; header_2_font_size=&#8221;32px&#8221; global_colors_info=&#8221;{}&#8221;]<\/p>\n<h2 class=\"title-section__title title-section--aligned-center text-h2-title-m\" data-testid=\"genericText\" style=\"text-align: center;\">Fra nord til s\u00f8r<\/h2>\n<p>[\/et_pb_text][et_pb_text _builder_version=&#8221;4.23.1&#8243; _module_preset=&#8221;default&#8221; text_font=&#8221;Roboto|300|||||||&#8221; text_text_color=&#8221;#000000&#8243; text_font_size=&#8221;18px&#8221; text_line_height=&#8221;1.5em&#8221; text_orientation=&#8221;center&#8221; width=&#8221;100%&#8221; width_tablet=&#8221;90%&#8221; width_phone=&#8221;100%&#8221; width_last_edited=&#8221;on|phone&#8221; module_alignment=&#8221;center&#8221; custom_margin=&#8221;-18px||||false|false&#8221; global_colors_info=&#8221;{}&#8221;]<\/p>\n<p class=\"title-section__title hero-content__title text-h2-title-l\" data-testid=\"genericText\"><span>V\u00e5re konsulenter brenner for \u00e5 hjelpe kundene til \u00e5 n\u00e5 sine m\u00e5l, og vi tror at deres mangfoldige bakgrunn og erfaring er en styrke for teamet v\u00e5rt. S\u00e5 enten du befinner deg i Oslo, Bergen, Trondheim, T\u00f8nsberg, Stavanger, Troms\u00f8, Kristiansand, eller et hvilket som helst annet sted i Norge, er vi her for \u00e5 hjelpe deg med \u00e5 n\u00e5 dine m\u00e5l. Kontakt oss i dag for \u00e5 l\u00e6re mer om hvordan vi kan bist\u00e5.<\/span><\/p>\n<p>[\/et_pb_text][\/et_pb_column][\/et_pb_row][et_pb_row _builder_version=&#8221;4.23.1&#8243; _module_preset=&#8221;default&#8221; global_colors_info=&#8221;{}&#8221;][et_pb_column type=&#8221;4_4&#8243; _builder_version=&#8221;4.23.1&#8243; _module_preset=&#8221;default&#8221; global_colors_info=&#8221;{}&#8221;][et_pb_code _builder_version=&#8221;4.25.1&#8243; _module_preset=&#8221;default&#8221; text_orientation=&#8221;center&#8221; global_colors_info=&#8221;{}&#8221;]<\/p>\n<div style=\"width: 100%; overflow: hidden; height: 600px;\"><!-- [et_pb_line_break_holder] -->  <iframe <!-- [et_pb_line_break_holder] -->     src=&#8221;https:\/\/www.google.com\/maps\/d\/embed?mid=1TbeunkWxt1ySGw-TtpLJsD6HMU_2FPM&#038;ehbc=2E312F&#8221;<!-- [et_pb_line_break_holder] -->     width=&#8221;100%&#8221;<!-- [et_pb_line_break_holder] -->     height=&#8221;600&#8243;<!-- [et_pb_line_break_holder] -->     frameborder=&#8221;0&#8243;<!-- [et_pb_line_break_holder] -->     style=&#8221;border:0; margin-top: -70px;&#8221;><!-- [et_pb_line_break_holder] -->  <\/iframe><!-- [et_pb_line_break_holder] --><\/div>\n<p>[\/et_pb_code][et_pb_text _builder_version=&#8221;4.25.1&#8243; _module_preset=&#8221;default&#8221; text_font=&#8221;Roboto|300|||||||&#8221; text_text_color=&#8221;#000000&#8243; header_font=&#8221;Roboto||||||||&#8221; header_2_font=&#8221;Roboto||||||||&#8221; header_2_font_size=&#8221;18px&#8221; module_alignment=&#8221;center&#8221; custom_margin=&#8221;||2px||false|false&#8221; global_colors_info=&#8221;{}&#8221;]<\/p>\n<h2 class=\"title-section__title title-section--aligned-center text-h2-title-m\" data-testid=\"genericText\" style=\"text-align: center;\">Hvordan vi gj\u00f8r det<\/h2>\n<p>[\/et_pb_text][\/et_pb_column][\/et_pb_row][\/et_pb_section][et_pb_section fb_built=&#8221;1&#8243; _builder_version=&#8221;4.22.1&#8243; _module_preset=&#8221;default&#8221; background_enable_color=&#8221;off&#8221; custom_padding=&#8221;70px||50px|||&#8221; global_colors_info=&#8221;{}&#8221;][et_pb_row _builder_version=&#8221;4.22.1&#8243; _module_preset=&#8221;default&#8221; global_colors_info=&#8221;{}&#8221;][et_pb_column type=&#8221;4_4&#8243; _builder_version=&#8221;4.22.1&#8243; _module_preset=&#8221;default&#8221; global_colors_info=&#8221;{}&#8221;][et_pb_text _builder_version=&#8221;4.23.1&#8243; _module_preset=&#8221;default&#8221; header_text_align=&#8221;center&#8221; header_font_size=&#8221;32px&#8221; header_2_font=&#8221;Open Sans||||||||&#8221; header_2_font_size=&#8221;32px&#8221; text_orientation=&#8221;center&#8221; global_colors_info=&#8221;{}&#8221;]<\/p>\n<h2 class=\"title-section__title text-h2-title-m\" data-testid=\"genericText\">En bedre m\u00e5te \u00e5 jobbe p\u00e5<\/h2>\n<p>[\/et_pb_text][et_pb_text _builder_version=&#8221;4.23.1&#8243; _module_preset=&#8221;default&#8221; text_font=&#8221;Roboto|300|||||||&#8221; text_text_color=&#8221;#000000&#8243; text_font_size=&#8221;18px&#8221; text_line_height=&#8221;1.5em&#8221; header_text_align=&#8221;center&#8221; text_orientation=&#8221;center&#8221; width=&#8221;100%&#8221; width_tablet=&#8221;80%&#8221; width_phone=&#8221;100%&#8221; width_last_edited=&#8221;on|phone&#8221; module_alignment=&#8221;center&#8221; custom_margin=&#8221;-15px||||false|false&#8221; global_colors_info=&#8221;{}&#8221;]<\/p>\n<p><span>Vi tror at den tradisjonelle m\u00e5ten \u00e5 jobbe p\u00e5 tilh\u00f8rer fortiden. Ved \u00e5 gi de som jobber for oss muligheten til \u00e5 styre sin egen arbeidsdag, rundt det som er viktig for dem, uten \u00e5 m\u00e5tte bekymre seg for at dette vil p\u00e5virke deres karriere negativt, vil de bli lykkeligere og f\u00f8le mer mestring. Det b\u00f8r hjelpe dem n\u00e5 sitt fulle potensiale, og gj\u00f8re dem glade for \u00e5 jobbe med oss, n\u00e5 og i fremtiden. Vi tror ogs\u00e5 at v\u00e5re kunder vil f\u00e5 en bedre opplevelse, n\u00e5r de jobber med kunnskapsrike, motiverte og forn\u00f8yde konsulenter.<\/span><\/p>\n<p>[\/et_pb_text][\/et_pb_column][\/et_pb_row][et_pb_row column_structure=&#8221;1_2,1_2&#8243; use_custom_gutter=&#8221;on&#8221; gutter_width=&#8221;2&#8243; make_equal=&#8221;on&#8221; _builder_version=&#8221;4.23.1&#8243; _module_preset=&#8221;default&#8221; width=&#8221;90%&#8221; custom_margin=&#8221;-25px||||false|false&#8221; global_colors_info=&#8221;{}&#8221;][et_pb_column type=&#8221;1_2&#8243; _builder_version=&#8221;4.23.1&#8243; _module_preset=&#8221;default&#8221; background_color=&#8221;#f9f9f9&#8243; custom_padding=&#8221;30px|30px|30px|30px|true|true&#8221; border_radii=&#8221;on|10px|10px|10px|10px&#8221; border_color_all=&#8221;#ffffff&#8221; global_colors_info=&#8221;{}&#8221;][et_pb_text _builder_version=&#8221;4.23.4&#8243; _module_preset=&#8221;default&#8221; text_font=&#8221;Roboto|300|||||||&#8221; text_text_color=&#8221;#000000&#8243; header_3_font=&#8221;Roboto||||||||&#8221; header_3_font_size=&#8221;26px&#8221; custom_margin=&#8221;||2px||false|false&#8221; global_colors_info=&#8221;{}&#8221;]<\/p>\n<h3 style=\"text-align: center;\"><span>Fleksibelt<\/span><\/h3>\n<p>[\/et_pb_text][et_pb_text _builder_version=&#8221;4.23.4&#8243; _module_preset=&#8221;default&#8221; text_font=&#8221;Roboto|300|||||||&#8221; text_text_color=&#8221;#000000&#8243; text_font_size=&#8221;18px&#8221; text_line_height=&#8221;1.5em&#8221; global_colors_info=&#8221;{}&#8221;]<\/p>\n<p style=\"text-align: center;\"><span>\u00c5 operere uten fysiske kontorer gj\u00f8r at vi er bedre rustet til \u00e5 tilpasse oss endringer i markedet og til v\u00e5re kunders behov. Dette gj\u00f8r at vi kan respondere raskere p\u00e5 tilbakemeldinger og kan gj\u00f8re mer effektive endringer i v\u00e5re prosesser.<\/span><\/p>\n<p>[\/et_pb_text][\/et_pb_column][et_pb_column type=&#8221;1_2&#8243; _builder_version=&#8221;4.23.1&#8243; _module_preset=&#8221;default&#8221; background_color=&#8221;#f9f9f9&#8243; custom_padding=&#8221;30px|30px|30px|30px|true|true&#8221; border_radii=&#8221;on|10px|10px|10px|10px&#8221; border_color_all=&#8221;#ffffff&#8221; global_colors_info=&#8221;{}&#8221;][et_pb_text _builder_version=&#8221;4.23.4&#8243; _module_preset=&#8221;default&#8221; text_font=&#8221;Roboto|300|||||||&#8221; text_text_color=&#8221;#000000&#8243; header_2_font=&#8221;Roboto||||||||&#8221; header_3_font=&#8221;Roboto||||||||&#8221; header_3_font_size=&#8221;26px&#8221; custom_margin=&#8221;||2px||false|false&#8221; global_colors_info=&#8221;{}&#8221;]<\/p>\n<header data-testid=\"title-section\" class=\"title-section tile__content title-section--aligned-center\">\n<h3 class=\"title-section__title text-h2-title-xs\" data-testid=\"genericText\" style=\"text-align: center;\">Kostnadsbesparende<\/h3>\n<\/header>\n<p>[\/et_pb_text][et_pb_text _builder_version=&#8221;4.23.4&#8243; _module_preset=&#8221;default&#8221; text_font=&#8221;Roboto|300|||||||&#8221; text_text_color=&#8221;#000000&#8243; text_font_size=&#8221;18px&#8221; text_line_height=&#8221;1.5em&#8221; global_colors_info=&#8221;{}&#8221;]<\/p>\n<p style=\"text-align: center;\"><span>Det at vi jobber utelukkende over nett, uten kontrolokaler, gj\u00f8r at vi har lavere kostnader, noe som igjen gj\u00f8r at vi kan gi v\u00e5re kunder mer verdi for pengene.<\/span><\/p>\n<p>[\/et_pb_text][\/et_pb_column][\/et_pb_row][et_pb_row column_structure=&#8221;1_2,1_2&#8243; use_custom_gutter=&#8221;on&#8221; gutter_width=&#8221;2&#8243; make_equal=&#8221;on&#8221; _builder_version=&#8221;4.23.1&#8243; _module_preset=&#8221;default&#8221; width=&#8221;90%&#8221; custom_margin=&#8221;-25px||||false|false&#8221; global_colors_info=&#8221;{}&#8221;][et_pb_column type=&#8221;1_2&#8243; _builder_version=&#8221;4.23.1&#8243; _module_preset=&#8221;default&#8221; background_color=&#8221;#f9f9f9&#8243; custom_padding=&#8221;30px|30px|30px|30px|true|true&#8221; border_radii=&#8221;on|10px|10px|10px|10px&#8221; border_color_all=&#8221;#ffffff&#8221; global_colors_info=&#8221;{}&#8221;][et_pb_text _builder_version=&#8221;4.23.4&#8243; _module_preset=&#8221;default&#8221; text_font=&#8221;Roboto|300|||||||&#8221; text_text_color=&#8221;#000000&#8243; header_3_font=&#8221;Roboto||||||||&#8221; header_3_font_size=&#8221;26px&#8221; custom_margin=&#8221;||2px||false|false&#8221; global_colors_info=&#8221;{}&#8221;]<\/p>\n<h3 style=\"text-align: center;\"><span>Kunnskapsbasert<\/span><\/h3>\n<p>[\/et_pb_text][et_pb_text _builder_version=&#8221;4.23.4&#8243; _module_preset=&#8221;default&#8221; text_font=&#8221;Roboto|300|||||||&#8221; text_text_color=&#8221;#000000&#8243; text_font_size=&#8221;18px&#8221; text_line_height=&#8221;1.5em&#8221; global_colors_info=&#8221;{}&#8221;]<\/p>\n<p style=\"text-align: center;\"><span>Den geografiske spredningen i teamet v\u00e5rt gj\u00f8r at vi kan respondere bedre og raskere p\u00e5 lokale markedsforhold, og f\u00e5r en bedre forst\u00e5else for kundebehov og preferanser i spesifikke omr\u00e5der eller bransjer. Dette betyr at vi kan skreddersy v\u00e5re tjenester i enda st\u00f8rre grad.<\/span><\/p>\n<p>[\/et_pb_text][\/et_pb_column][et_pb_column type=&#8221;1_2&#8243; _builder_version=&#8221;4.23.1&#8243; _module_preset=&#8221;default&#8221; background_color=&#8221;#f9f9f9&#8243; custom_padding=&#8221;30px|30px|30px|30px|true|true&#8221; border_radii=&#8221;on|10px|10px|10px|10px&#8221; border_color_all=&#8221;#ffffff&#8221; global_colors_info=&#8221;{}&#8221;][et_pb_text _builder_version=&#8221;4.23.4&#8243; _module_preset=&#8221;default&#8221; text_font=&#8221;Roboto|300|||||||&#8221; text_text_color=&#8221;#000000&#8243; header_3_font=&#8221;Roboto||||||||&#8221; header_3_font_size=&#8221;26px&#8221; custom_margin=&#8221;||2px||false|false&#8221; global_colors_info=&#8221;{}&#8221;]<\/p>\n<h3 style=\"text-align: center;\"><span>Personlig<\/span><\/h3>\n<p>[\/et_pb_text][et_pb_text _builder_version=&#8221;4.23.4&#8243; _module_preset=&#8221;default&#8221; text_font=&#8221;Roboto|300|||||||&#8221; text_text_color=&#8221;#000000&#8243; text_font_size=&#8221;18px&#8221; text_line_height=&#8221;1.5em&#8221; global_colors_info=&#8221;{}&#8221;]<\/p>\n<p style=\"text-align: center;\"><span>Uten den hierarkiske strukturen som ofte f\u00f8lger med et fysisk kontormilj\u00f8, er v\u00e5rt lederteam mer tilgjengelig for \u00e5 lytte og l\u00e6re av v\u00e5re kunder og medarbeidere. Det betyr at vi er bedre rustet til \u00e5 videreutvikle v\u00e5r kundeservice, struktur, og kvaliteten p\u00e5 det vi leverer.\u00a0<\/span><\/p>\n<p>[\/et_pb_text][\/et_pb_column][\/et_pb_row][et_pb_row _builder_version=&#8221;4.23.1&#8243; _module_preset=&#8221;default&#8221; global_colors_info=&#8221;{}&#8221;][et_pb_column type=&#8221;4_4&#8243; _builder_version=&#8221;4.23.1&#8243; _module_preset=&#8221;default&#8221; global_colors_info=&#8221;{}&#8221;][et_pb_text _builder_version=&#8221;4.23.1&#8243; _dynamic_attributes=&#8221;link_option_url&#8221; _module_preset=&#8221;default&#8221; text_font=&#8221;Roboto|500|||||||&#8221; text_text_color=&#8221;#000000&#8243; text_font_size=&#8221;18px&#8221; text_orientation=&#8221;center&#8221; link_option_url=&#8221;@ET-DC@eyJkeW5hbWljIjp0cnVlLCJjb250ZW50IjoicG9zdF9saW5rX3VybF9wYWdlIiwic2V0dGluZ3MiOnsicG9zdF9pZCI6IjI1NjQ3MiJ9fQ==@&#8221; global_colors_info=&#8221;{}&#8221; custom_margin__hover_enabled=&#8221;on|hover&#8221; custom_margin__hover=&#8221;-5px||5px||false|false&#8221; custom_padding__hover_enabled=&#8221;off|hover&#8221; custom_padding__hover=&#8221;||||false|false&#8221;]<\/p>\n<p style=\"text-align: center;\">Les mer om oss <span>\u2192<\/span><\/p>\n<p>[\/et_pb_text][\/et_pb_column][\/et_pb_row][\/et_pb_section]<\/p>\n","protected":false},"excerpt":{"rendered":"<p>LOKASJONERTeamet v\u00e5rt rundt om i NorgeSynega er et nettbasert selskap, uten fysiske kontorer, med medarbeidere som leverer tjenester av h\u00f8y kvalitet, fra hvor de selv m\u00e5tte \u00f8nske \u00e5 jobbe. Vi er stolte av tilrettelegge p\u00e5 en m\u00e5te som gj\u00f8r at v\u00e5re konsulenter f\u00e5r hverdagen til \u00e5 g\u00e5 opp, slik at de kan yte sitt beste.Tenk [&hellip;]<\/p>\n","protected":false},"author":1,"featured_media":0,"parent":256472,"menu_order":0,"comment_status":"closed","ping_status":"closed","template":"","meta":{"_acf_changed":false,"_et_pb_use_builder":"on","_et_pb_old_content":"","_et_gb_content_width":"","footnotes":""},"class_list":["post-256463","page","type-page","status-publish","hentry"],"acf":[],"_links":{"self":[{"href":"https:\/\/synega.com\/no-no\/wp-json\/wp\/v2\/pages\/256463","targetHints":{"allow":["GET"]}}],"collection":[{"href":"https:\/\/synega.com\/no-no\/wp-json\/wp\/v2\/pages"}],"about":[{"href":"https:\/\/synega.com\/no-no\/wp-json\/wp\/v2\/types\/page"}],"author":[{"embeddable":true,"href":"https:\/\/synega.com\/no-no\/wp-json\/wp\/v2\/users\/1"}],"replies":[{"embeddable":true,"href":"https:\/\/synega.com\/no-no\/wp-json\/wp\/v2\/comments?post=256463"}],"version-history":[{"count":33,"href":"https:\/\/synega.com\/no-no\/wp-json\/wp\/v2\/pages\/256463\/revisions"}],"predecessor-version":[{"id":263175,"href":"https:\/\/synega.com\/no-no\/wp-json\/wp\/v2\/pages\/256463\/revisions\/263175"}],"up":[{"embeddable":true,"href":"https:\/\/synega.com\/no-no\/wp-json\/wp\/v2\/pages\/256472"}],"wp:attachment":[{"href":"https:\/\/synega.com\/no-no\/wp-json\/wp\/v2\/media?parent=256463"}],"curies":[{"name":"wp","href":"https:\/\/api.w.org\/{rel}","templated":true}]}}