{"id":256583,"date":"2023-11-24T03:19:11","date_gmt":"2023-11-24T03:19:11","guid":{"rendered":"https:\/\/synega.com\/?page_id=256583"},"modified":"2025-06-23T09:59:49","modified_gmt":"2025-06-23T09:59:49","slug":"min-side","status":"publish","type":"page","link":"https:\/\/synega.com\/no-no\/min-side","title":{"rendered":"Kundedashboard"},"content":{"rendered":"<p>[et_pb_section fb_built=&#8221;1&#8243; _builder_version=&#8221;4.23.4&#8243; _module_preset=&#8221;default&#8221; background_enable_color=&#8221;off&#8221; custom_margin=&#8221;15px||||false|false&#8221; custom_padding=&#8221;9px||45px||false|false&#8221; global_colors_info=&#8221;{}&#8221;][et_pb_row _builder_version=&#8221;4.23.1&#8243; _module_preset=&#8221;default&#8221; background_color=&#8221;#f9f1dc&#8221; width=&#8221;95%&#8221; max_width=&#8221;95%&#8221; custom_margin=&#8221;-5px||-5px||false|false&#8221; custom_margin_tablet=&#8221;-5px||-5px||false|false&#8221; custom_margin_phone=&#8221;||-40px||false|false&#8221; custom_margin_last_edited=&#8221;on|phone&#8221; custom_padding=&#8221;130px|20px|70px|20px|false|true&#8221; border_radii=&#8221;on|10px|10px|10px|10px&#8221; global_colors_info=&#8221;{}&#8221;][et_pb_column type=&#8221;4_4&#8243; _builder_version=&#8221;4.22.1&#8243; _module_preset=&#8221;default&#8221; global_colors_info=&#8221;{}&#8221;][et_pb_text _builder_version=&#8221;4.23.1&#8243; _module_preset=&#8221;default&#8221; text_font=&#8221;Roboto||||||||&#8221; text_font_size=&#8221;10px&#8221; header_font=&#8221;Roboto||||||||&#8221; header_font_size=&#8221;25px&#8221; header_2_font=&#8221;Roboto||||||||&#8221; header_2_font_size=&#8221;20px&#8221; text_orientation=&#8221;center&#8221; custom_margin=&#8221;||5px||false|false&#8221; custom_margin_tablet=&#8221;||5px||false|false&#8221; custom_margin_phone=&#8221;-30px||||false|false&#8221; custom_margin_last_edited=&#8221;on|phone&#8221; global_colors_info=&#8221;{}&#8221;]<\/p>\n<h2 class=\"title-section__title hero-content__title text-h2-title-l\" data-testid=\"genericText\"><strong>DITT PERSONLIGE DASHBOARD<\/strong><\/h2>\n<p>[\/et_pb_text][et_pb_text _builder_version=&#8221;4.23.4&#8243; _module_preset=&#8221;default&#8221; header_font_size=&#8221;32px&#8221; text_orientation=&#8221;center&#8221; header_line_height_tablet=&#8221;1.3em&#8221; header_line_height_phone=&#8221;1.3em&#8221; header_line_height_last_edited=&#8221;on|tablet&#8221; global_colors_info=&#8221;{}&#8221;]<\/p>\n<h1 class=\"title-section__title title-section--aligned-left text-h2-title-l\" data-testid=\"genericText\">Full kontroll<\/h1>\n<p>[\/et_pb_text][et_pb_text _builder_version=&#8221;4.23.4&#8243; _module_preset=&#8221;default&#8221; text_font=&#8221;Roboto|300|||||||&#8221; text_text_color=&#8221;#000000&#8243; text_font_size=&#8221;18px&#8221; text_line_height=&#8221;1.5em&#8221; text_orientation=&#8221;center&#8221; width=&#8221;50%&#8221; width_tablet=&#8221;75%&#8221; width_phone=&#8221;100%&#8221; width_last_edited=&#8221;on|phone&#8221; module_alignment=&#8221;center&#8221; custom_margin=&#8221;-18px||25px||false|false&#8221; global_colors_info=&#8221;{}&#8221;]<\/p>\n<p class=\"title-section__title hero-content__title text-h2-title-l\" data-testid=\"genericText\"><span>N\u00e5r du f\u00e5r levert tjenester fra Synega er m\u00e5let v\u00e5rt at du skal ha 100 % kontroll p\u00e5 b\u00e5de leveranse og pris.<\/span><\/p>\n<p>[\/et_pb_text][\/et_pb_column][\/et_pb_row][\/et_pb_section][et_pb_section fb_built=&#8221;1&#8243; _builder_version=&#8221;4.23.1&#8243; _module_preset=&#8221;default&#8221; background_enable_color=&#8221;off&#8221; custom_margin=&#8221;||||false|false&#8221; custom_padding=&#8221;6px||||false|false&#8221; global_colors_info=&#8221;{}&#8221;][et_pb_row _builder_version=&#8221;4.22.1&#8243; _module_preset=&#8221;default&#8221; background_enable_color=&#8221;off&#8221; width=&#8221;90%&#8221; border_radii=&#8221;on|10px|10px|10px|10px&#8221; border_color_all=&#8221;#f5f5f5&#8243; global_colors_info=&#8221;{}&#8221;][et_pb_column type=&#8221;4_4&#8243; _builder_version=&#8221;4.22.1&#8243; _module_preset=&#8221;default&#8221; global_colors_info=&#8221;{}&#8221;][et_pb_image src=&#8221;https:\/\/synega.com\/wp-content\/uploads\/2023\/09\/RatingStars.png&#8221; title_text=&#8221;RatingStars&#8221; align=&#8221;center&#8221; _builder_version=&#8221;4.23.1&#8243; _module_preset=&#8221;default&#8221; width=&#8221;12%&#8221; width_tablet=&#8221;18%&#8221; width_phone=&#8221;40%&#8221; width_last_edited=&#8221;on|phone&#8221; global_colors_info=&#8221;{}&#8221;][\/et_pb_image][et_pb_text _builder_version=&#8221;4.23.4&#8243; _module_preset=&#8221;default&#8221; text_font=&#8221;Roboto|300|||||||&#8221; text_text_color=&#8221;#000000&#8243; text_font_size=&#8221;18px&#8221; text_orientation=&#8221;center&#8221; width=&#8221;60%&#8221; width_tablet=&#8221;60%&#8221; width_phone=&#8221;100%&#8221; width_last_edited=&#8221;on|phone&#8221; module_alignment=&#8221;center&#8221; custom_margin=&#8221;-12px||||false|false&#8221; global_colors_info=&#8221;{}&#8221;]<\/p>\n<p style=\"text-align: center;\"><em>&#8220;<span data-sheets-root=\"1\" data-sheets-value=\"{&quot;1&quot;:2,&quot;2&quot;:&quot;Superproffe og effektive i arbeidet sitt!&quot;}\" data-sheets-userformat=\"{&quot;2&quot;:4482,&quot;4&quot;:{&quot;1&quot;:2,&quot;2&quot;:15724527},&quot;10&quot;:2,&quot;11&quot;:3,&quot;15&quot;:&quot;Arial&quot;}\">Superproffe og effektive i arbeidet sitt!<\/span>&#8220;<\/em><\/p>\n<p>[\/et_pb_text][et_pb_text content_tablet=&#8221;<\/p>\n<p style=%22text-align: center;%22><img src=%22https:\/\/synega.com\/wp-content\/uploads\/2023\/12\/unnamed-_3_.webp%22 style=%22vertical-align: middle;%22 width=%2229%22 height=%2229%22 alt=%22woman-working-out-pia%22 class=%22wp-image-257061 alignnone size-full%22 \/> Pia Seeberg, Pia Seeberg AS<\/p>\n<p>&#8221; content_phone=&#8221;<\/p>\n<p style=%22text-align: center;%22><img src=%22https:\/\/synega.com\/wp-content\/uploads\/2023\/12\/unnamed-_3_.webp%22 style=%22vertical-align: middle;%22 width=%2229%22 height=%2229%22 alt=%22woman-working-out-pia%22 class=%22wp-image-257061 alignnone size-full%22 \/> Pia Seeberg, Pia Seeberg AS<\/p>\n<p>&#8221; content_last_edited=&#8221;on|phone&#8221; _builder_version=&#8221;4.23.1&#8243; _module_preset=&#8221;default&#8221; text_font=&#8221;Roboto||||||||&#8221; text_text_color=&#8221;#000000&#8243; text_font_size=&#8221;18px&#8221; text_orientation=&#8221;center&#8221; min_height=&#8221;35px&#8221; custom_margin=&#8221;-10px|||-50px|false|false&#8221; custom_margin_tablet=&#8221;-23px|||0px|false|false&#8221; custom_margin_phone=&#8221;-25px|||0px|false|false&#8221; custom_margin_last_edited=&#8221;on|tablet&#8221; locked=&#8221;off&#8221; global_colors_info=&#8221;{}&#8221;]<\/p>\n<p style=\"text-align: center;\"><img loading=\"lazy\" decoding=\"async\" src=\"https:\/\/synega.com\/wp-content\/uploads\/2023\/12\/unnamed-_3_.webp\" style=\"vertical-align: middle;\" width=\"29\" height=\"29\" alt=\"woman-working-out-pia\" class=\"wp-image-257061 alignnone size-full\" \/> Pia Seeberg, Pia Seeberg AS<\/p>\n<p>[\/et_pb_text][\/et_pb_column][\/et_pb_row][\/et_pb_section][et_pb_section fb_built=&#8221;1&#8243; _builder_version=&#8221;4.23.1&#8243; _module_preset=&#8221;default&#8221; custom_padding=&#8221;||80px|||&#8221; global_colors_info=&#8221;{}&#8221;][et_pb_row _builder_version=&#8221;4.22.1&#8243; _module_preset=&#8221;default&#8221; custom_padding=&#8221;||4px|||&#8221; global_colors_info=&#8221;{}&#8221;][et_pb_column type=&#8221;4_4&#8243; _builder_version=&#8221;4.22.1&#8243; _module_preset=&#8221;default&#8221; global_colors_info=&#8221;{}&#8221;][et_pb_text _builder_version=&#8221;4.23.4&#8243; _module_preset=&#8221;default&#8221; text_font=&#8221;Roboto|300|||||||&#8221; text_text_color=&#8221;#000000&#8243; header_font=&#8221;Roboto||||||||&#8221; header_2_font=&#8221;Roboto||||||||&#8221; header_2_font_size=&#8221;18px&#8221; custom_margin=&#8221;||2px||false|false&#8221; global_colors_info=&#8221;{}&#8221;]<\/p>\n<h2 class=\"title-section__title title-section--aligned-left text-h2-title-l\" data-testid=\"genericText\" style=\"text-align: center;\">Kontroll p\u00e5 kostnadene<\/h2>\n<p>[\/et_pb_text][et_pb_text _builder_version=&#8221;4.23.4&#8243; _module_preset=&#8221;default&#8221; header_2_font=&#8221;Open Sans||||||||&#8221; header_2_font_size=&#8221;32px&#8221; text_orientation=&#8221;center&#8221; header_2_line_height_tablet=&#8221;&#8221; header_2_line_height_phone=&#8221;1.3em&#8221; header_2_line_height_last_edited=&#8221;on|phone&#8221; global_colors_info=&#8221;{}&#8221;]<\/p>\n<h2 class=\"title-section__title text-h2-title-m\" data-testid=\"genericText\">Full \u00e5penhet om hva du betaler for<\/h2>\n<p>[\/et_pb_text][et_pb_text _builder_version=&#8221;4.25.0&#8243; _module_preset=&#8221;default&#8221; text_font=&#8221;Roboto|300|||||||&#8221; text_text_color=&#8221;#000000&#8243; text_font_size=&#8221;18px&#8221; text_line_height=&#8221;1.5em&#8221; text_orientation=&#8221;center&#8221; width=&#8221;90%&#8221; width_tablet=&#8221;90%&#8221; width_phone=&#8221;100%&#8221; width_last_edited=&#8221;on|phone&#8221; module_alignment=&#8221;center&#8221; custom_margin=&#8221;-18px||||false|false&#8221; global_colors_info=&#8221;{}&#8221;]<\/p>\n<p class=\"title-section__title hero-content__title text-h2-title-l\" data-testid=\"genericText\"><span>Alle v\u00e5re betal-per-minutt regnskapstjenester oppdateres fortl\u00f8pende i dashboardet, i realtid, og er tilgjengelige for deg til enhver tid. F\u00e5 en detaljert oversikt over hvor mye du betaler for eposter, telefonsamtaler, videom\u00f8ter og oppgaver vi utf\u00f8rer for deg.<\/span><\/p>\n<p>[\/et_pb_text][\/et_pb_column][\/et_pb_row][et_pb_row column_structure=&#8221;1_2,1_2&#8243; _builder_version=&#8221;4.23.1&#8243; _module_preset=&#8221;default&#8221; global_colors_info=&#8221;{}&#8221;][et_pb_column type=&#8221;1_2&#8243; _builder_version=&#8221;4.23.1&#8243; _module_preset=&#8221;default&#8221; global_colors_info=&#8221;{}&#8221;][et_pb_image src=&#8221;https:\/\/synega.com\/wp-content\/uploads\/2023\/12\/desktop-image-no.webp&#8221; alt=&#8221;Kunde dashboard desktop&#8221; title_text=&#8221;Kunde dashboard desktop&#8221; _builder_version=&#8221;4.23.1&#8243; _module_preset=&#8221;default&#8221; custom_margin=&#8221;20px||||false|false&#8221; global_colors_info=&#8221;{}&#8221;][\/et_pb_image][et_pb_text _builder_version=&#8221;4.23.4&#8243; _module_preset=&#8221;default&#8221; text_font=&#8221;Roboto|300|||||||&#8221; text_text_color=&#8221;#000000&#8243; header_font=&#8221;Roboto||||||||&#8221; header_2_font=&#8221;Roboto||||||||&#8221; header_2_font_size=&#8221;18px&#8221; custom_margin=&#8221;25px||2px||false|false&#8221; global_colors_info=&#8221;{}&#8221;]<\/p>\n<h2 class=\"title-section__title title-section--aligned-left text-h2-title-l\" data-testid=\"genericText\" style=\"text-align: center;\">F\u00f8lg med fra kontoret&#8230;<\/h2>\n<p>[\/et_pb_text][\/et_pb_column][et_pb_column type=&#8221;1_2&#8243; _builder_version=&#8221;4.23.1&#8243; _module_preset=&#8221;default&#8221; global_colors_info=&#8221;{}&#8221;][et_pb_image src=&#8221;https:\/\/synega.com\/wp-content\/uploads\/2023\/12\/mobile-image-no.webp&#8221; alt=&#8221;Kundedashboard mobil&#8221; title_text=&#8221;Kundedashboard mobil&#8221; _builder_version=&#8221;4.23.1&#8243; _module_preset=&#8221;default&#8221; width=&#8221;90%&#8221; module_alignment=&#8221;center&#8221; custom_margin=&#8221;50px||||false|false&#8221; global_colors_info=&#8221;{}&#8221;][\/et_pb_image][et_pb_text _builder_version=&#8221;4.23.4&#8243; _module_preset=&#8221;default&#8221; text_font=&#8221;Roboto|300|||||||&#8221; text_text_color=&#8221;#000000&#8243; header_font=&#8221;Roboto||||||||&#8221; header_2_font=&#8221;Roboto||||||||&#8221; header_2_font_size=&#8221;18px&#8221; custom_margin=&#8221;||2px||false|false&#8221; global_colors_info=&#8221;{}&#8221;]<\/p>\n<h2 class=\"title-section__title title-section--aligned-left text-h2-title-l\" data-testid=\"genericText\" style=\"text-align: center;\">&#8230;eller p\u00e5 farten<\/h2>\n<p>[\/et_pb_text][\/et_pb_column][\/et_pb_row][\/et_pb_section][et_pb_section fb_built=&#8221;1&#8243; _builder_version=&#8221;4.22.1&#8243; _module_preset=&#8221;default&#8221; background_enable_color=&#8221;off&#8221; custom_padding=&#8221;29px|||||&#8221; global_colors_info=&#8221;{}&#8221;][et_pb_row _builder_version=&#8221;4.23.1&#8243; _module_preset=&#8221;default&#8221; background_enable_color=&#8221;off&#8221; width=&#8221;90%&#8221; custom_margin=&#8221;||15px||false|false&#8221; border_radii=&#8221;on|10px|10px|10px|10px&#8221; border_width_all=&#8221;2px&#8221; border_color_all=&#8221;#f5f5f5&#8243; global_colors_info=&#8221;{}&#8221;][et_pb_column type=&#8221;4_4&#8243; _builder_version=&#8221;4.22.1&#8243; _module_preset=&#8221;default&#8221; background_enable_color=&#8221;off&#8221; global_colors_info=&#8221;{}&#8221;][et_pb_image src=&#8221;https:\/\/synega.com\/wp-content\/uploads\/2023\/12\/GRating2-scaled.webp&#8221; alt=&#8221;Google review Synega&#8221; title_text=&#8221;Google review Synega&#8221; align=&#8221;center&#8221; _builder_version=&#8221;4.23.1&#8243; _module_preset=&#8221;default&#8221; width=&#8221;20%&#8221; width_tablet=&#8221;32%&#8221; width_phone=&#8221;60%&#8221; width_last_edited=&#8221;on|phone&#8221; module_alignment=&#8221;center&#8221; global_colors_info=&#8221;{}&#8221;][\/et_pb_image][\/et_pb_column][\/et_pb_row][\/et_pb_section][et_pb_section fb_built=&#8221;1&#8243; _builder_version=&#8221;4.22.1&#8243; _module_preset=&#8221;default&#8221; background_enable_color=&#8221;off&#8221; custom_padding=&#8221;||80px|||&#8221; global_colors_info=&#8221;{}&#8221;][et_pb_row column_structure=&#8221;1_2,1_2&#8243; _builder_version=&#8221;4.22.1&#8243; _module_preset=&#8221;default&#8221; global_colors_info=&#8221;{}&#8221;][et_pb_column type=&#8221;1_2&#8243; _builder_version=&#8221;4.22.1&#8243; _module_preset=&#8221;default&#8221; global_colors_info=&#8221;{}&#8221;][et_pb_text _builder_version=&#8221;4.23.4&#8243; _module_preset=&#8221;default&#8221; text_font=&#8221;Roboto|300|||||||&#8221; text_text_color=&#8221;#000000&#8243; header_font=&#8221;Roboto||||||||&#8221; header_2_font=&#8221;Roboto||||||||&#8221; header_2_font_size=&#8221;18px&#8221; width=&#8221;100%&#8221; custom_margin=&#8221;45px||2px||false|false&#8221; global_colors_info=&#8221;{}&#8221;]<\/p>\n<h2 class=\"title-section__title title-section--aligned-left text-h2-title-l\" data-testid=\"genericText\" style=\"text-align: center;\">Sjekk progresjon<\/h2>\n<p>[\/et_pb_text][et_pb_text _builder_version=&#8221;4.23.4&#8243; _module_preset=&#8221;default&#8221; header_text_align=&#8221;left&#8221; header_font_size=&#8221;32px&#8221; header_line_height=&#8221;1.3em&#8221; header_2_font=&#8221;Open Sans||||||||&#8221; header_2_font_size=&#8221;32px&#8221; header_2_line_height=&#8221;1.3em&#8221; width=&#8221;100%&#8221; global_colors_info=&#8221;{}&#8221;]<\/p>\n<h2 class=\"title-section__title title-section--aligned-left text-h2-title-l\" data-testid=\"genericText\" style=\"text-align: center;\">Oversikt over alle tjenester<\/h2>\n<p>[\/et_pb_text][et_pb_text _builder_version=&#8221;4.23.4&#8243; _module_preset=&#8221;default&#8221; text_font=&#8221;Roboto|300|||||||&#8221; text_text_color=&#8221;#000000&#8243; text_font_size=&#8221;18px&#8221; text_line_height=&#8221;1.5em&#8221; width=&#8221;100%&#8221; module_alignment=&#8221;left&#8221; custom_margin=&#8221;-18px||||false|false&#8221; global_colors_info=&#8221;{}&#8221;]<\/p>\n<p class=\"title-section__title hero-content__title text-h2-title-l\" data-testid=\"genericText\" style=\"text-align: center;\"><span>Kundedashboardet du f\u00e5r tilgang til gir full \u00e5penhet, slik at du enkelt, og til enhver tid, kan f\u00f8lge med p\u00e5 fremdriften p\u00e5 tjenestene du har bestilt hos oss. Her finner du ogs\u00e5 kundevennelige forklaringer til alle oppgaver som utf\u00f8res, s\u00e5 du enkelt kan forst\u00e5 hva vi jobber med. M\u00e5let v\u00e5rt er \u00e5 gj\u00f8re opplevelsen din hos oss s\u00e5 behagelig og transparent som mulig, slik at du kan fokusere p\u00e5 det som betyr mest for din virksomhet.<br \/><\/span><\/p>\n<p>[\/et_pb_text][et_pb_text module_id=&#8221;et_pb_contact_form_0&#8243; _builder_version=&#8221;4.23.4&#8243; _module_preset=&#8221;default&#8221; text_font=&#8221;Roboto|500|||||||&#8221; text_text_color=&#8221;#000000&#8243; text_font_size=&#8221;18px&#8221; link_option_url=&#8221;https:\/\/sales.synega.com\/no-no?referral=%91url%93&#8243; global_colors_info=&#8221;{}&#8221; custom_margin__hover_enabled=&#8221;on|hover&#8221; custom_margin__hover=&#8221;-5px||5px||false|false&#8221; custom_padding__hover_enabled=&#8221;off|hover&#8221; custom_padding__hover=&#8221;||||false|false&#8221;]<\/p>\n<p style=\"text-align: center;\">Bli kunde <span>\u2192<\/span><\/p>\n<p>[\/et_pb_text][\/et_pb_column][et_pb_column type=&#8221;1_2&#8243; _builder_version=&#8221;4.22.1&#8243; _module_preset=&#8221;default&#8221; global_colors_info=&#8221;{}&#8221;][et_pb_image src=&#8221;https:\/\/synega.com\/wp-content\/uploads\/2023\/12\/desktop-tablet-mobile-screens-no-1.webp&#8221; alt=&#8221;Kunde dashboard desktop, iPad, telefon&#8221; title_text=&#8221;Kunde dashboard desktop, iPad, telefon&#8221; align=&#8221;center&#8221; _builder_version=&#8221;4.23.4&#8243; _module_preset=&#8221;default&#8221; width_tablet=&#8221;70%&#8221; width_phone=&#8221;100%&#8221; width_last_edited=&#8221;on|phone&#8221; module_alignment=&#8221;center&#8221; custom_margin=&#8221;30px||||false|false&#8221; global_colors_info=&#8221;{}&#8221;][\/et_pb_image][\/et_pb_column][\/et_pb_row][\/et_pb_section][et_pb_section fb_built=&#8221;1&#8243; _builder_version=&#8221;4.22.1&#8243; _module_preset=&#8221;default&#8221; background_enable_color=&#8221;off&#8221; custom_padding=&#8221;30px||28px|||&#8221; global_colors_info=&#8221;{}&#8221;][et_pb_row _builder_version=&#8221;4.23.1&#8243; _module_preset=&#8221;default&#8221; background_color=&#8221;#f9f9f9&#8243; width=&#8221;90%&#8221; custom_padding=&#8221;|30px||30px|false|true&#8221; border_radii=&#8221;on|10px|10px|10px|10px&#8221; border_color_all=&#8221;#f5f5f5&#8243; global_colors_info=&#8221;{}&#8221;][et_pb_column type=&#8221;4_4&#8243; _builder_version=&#8221;4.22.1&#8243; _module_preset=&#8221;default&#8221; global_colors_info=&#8221;{}&#8221;][et_pb_text _builder_version=&#8221;4.23.1&#8243; _module_preset=&#8221;default&#8221; text_font=&#8221;Roboto|300|||||||&#8221; text_text_color=&#8221;#000000&#8243; header_font=&#8221;Roboto||||||||&#8221; header_2_font=&#8221;Roboto||||||||&#8221; header_2_font_size=&#8221;18px&#8221; module_alignment=&#8221;center&#8221; custom_margin=&#8221;||2px||false|false&#8221; global_colors_info=&#8221;{}&#8221;]<\/p>\n<h2 style=\"text-align: center;\"><span>Kunnskapssenter<\/span><\/h2>\n<p>[\/et_pb_text][et_pb_text _builder_version=&#8221;4.23.1&#8243; _module_preset=&#8221;default&#8221; header_text_align=&#8221;center&#8221; header_font_size=&#8221;32px&#8221; text_orientation=&#8221;center&#8221; custom_margin=&#8221;5px||12px||false|false&#8221; header_line_height_tablet=&#8221;&#8221; header_line_height_phone=&#8221;1.3em&#8221; header_line_height_last_edited=&#8221;on|phone&#8221; global_colors_info=&#8221;{}&#8221;]<\/p>\n<h2 class=\"title-section__title title-section--aligned-center text-h2-title-m\" data-testid=\"genericText\">Har du noen sp\u00f8rsm\u00e5l?<\/h2>\n<p>[\/et_pb_text][et_pb_text _builder_version=&#8221;4.23.4&#8243; _dynamic_attributes=&#8221;link_option_url&#8221; _module_preset=&#8221;default&#8221; text_font=&#8221;Roboto|500|||||||&#8221; text_text_color=&#8221;#000000&#8243; text_font_size=&#8221;18px&#8221; text_orientation=&#8221;center&#8221; custom_margin_last_edited=&#8221;off|desktop&#8221; link_option_url=&#8221;@ET-DC@eyJkeW5hbWljIjp0cnVlLCJjb250ZW50IjoicG9zdF9saW5rX3VybF9wYWdlIiwic2V0dGluZ3MiOnsicG9zdF9pZCI6IjI1NTU0MiJ9fQ==@&#8221; global_colors_info=&#8221;{}&#8221; custom_margin__hover_enabled=&#8221;on|hover&#8221; custom_margin__hover=&#8221;-5px||5px||false|false&#8221; custom_padding__hover_enabled=&#8221;off|hover&#8221; custom_padding__hover=&#8221;||||false|false&#8221;]<\/p>\n<p style=\"text-align: center;\">S\u00f8k i v\u00e5re artikler <span>\u2192<\/span><\/p>\n<p>[\/et_pb_text][\/et_pb_column][\/et_pb_row][\/et_pb_section]<\/p>\n","protected":false},"excerpt":{"rendered":"<p>DITT PERSONLIGE DASHBOARDFull kontrollN\u00e5r du f\u00e5r levert tjenester fra Synega er m\u00e5let v\u00e5rt at du skal ha 100 % kontroll p\u00e5 b\u00e5de leveranse og pris.&#8221;Superproffe og effektive i arbeidet sitt!&#8221; Pia Seeberg, Pia Seeberg ASKontroll p\u00e5 kostnadeneFull \u00e5penhet om hva du betaler forAlle v\u00e5re betal-per-minutt regnskapstjenester oppdateres fortl\u00f8pende i dashboardet, i realtid, og er tilgjengelige [&hellip;]<\/p>\n","protected":false},"author":1,"featured_media":0,"parent":0,"menu_order":0,"comment_status":"closed","ping_status":"closed","template":"","meta":{"_acf_changed":false,"_et_pb_use_builder":"on","_et_pb_old_content":"","_et_gb_content_width":"","footnotes":""},"class_list":["post-256583","page","type-page","status-publish","hentry"],"acf":[],"_links":{"self":[{"href":"https:\/\/synega.com\/no-no\/wp-json\/wp\/v2\/pages\/256583","targetHints":{"allow":["GET"]}}],"collection":[{"href":"https:\/\/synega.com\/no-no\/wp-json\/wp\/v2\/pages"}],"about":[{"href":"https:\/\/synega.com\/no-no\/wp-json\/wp\/v2\/types\/page"}],"author":[{"embeddable":true,"href":"https:\/\/synega.com\/no-no\/wp-json\/wp\/v2\/users\/1"}],"replies":[{"embeddable":true,"href":"https:\/\/synega.com\/no-no\/wp-json\/wp\/v2\/comments?post=256583"}],"version-history":[{"count":34,"href":"https:\/\/synega.com\/no-no\/wp-json\/wp\/v2\/pages\/256583\/revisions"}],"predecessor-version":[{"id":264200,"href":"https:\/\/synega.com\/no-no\/wp-json\/wp\/v2\/pages\/256583\/revisions\/264200"}],"wp:attachment":[{"href":"https:\/\/synega.com\/no-no\/wp-json\/wp\/v2\/media?parent=256583"}],"curies":[{"name":"wp","href":"https:\/\/api.w.org\/{rel}","templated":true}]}}