{"id":256595,"date":"2023-11-24T03:53:53","date_gmt":"2023-11-24T03:53:53","guid":{"rendered":"https:\/\/synega.com\/?page_id=256595"},"modified":"2024-06-25T11:18:04","modified_gmt":"2024-06-25T11:18:04","slug":"tilgang-til-regnskapsprogrammer","status":"publish","type":"page","link":"https:\/\/synega.com\/no-no\/tilgang-til-regnskapsprogrammer","title":{"rendered":"Tilgang til regnskapsprogrammer"},"content":{"rendered":"<p>[et_pb_section fb_built=&#8221;1&#8243; _builder_version=&#8221;4.22.2&#8243; _module_preset=&#8221;default&#8221; background_enable_color=&#8221;off&#8221; custom_margin=&#8221;15px||||false|false&#8221; custom_padding=&#8221;9px||22px|||&#8221; global_colors_info=&#8221;{}&#8221;][et_pb_row _builder_version=&#8221;4.22.2&#8243; _module_preset=&#8221;default&#8221; background_color=&#8221;#f9f9f9&#8243; width=&#8221;95%&#8221; max_width=&#8221;95%&#8221; custom_margin=&#8221;-5px||-5px||false|false&#8221; custom_margin_tablet=&#8221;-5px||-5px||false|false&#8221; custom_margin_phone=&#8221;||-40px||false|false&#8221; custom_margin_last_edited=&#8221;on|phone&#8221; custom_padding=&#8221;90px|20px|90px|20px|true|true&#8221; border_radii=&#8221;on|10px|10px|10px|10px&#8221; global_colors_info=&#8221;{}&#8221;][et_pb_column type=&#8221;4_4&#8243; _builder_version=&#8221;4.22.1&#8243; _module_preset=&#8221;default&#8221; global_colors_info=&#8221;{}&#8221;][et_pb_text _builder_version=&#8221;4.23.1&#8243; _module_preset=&#8221;default&#8221; text_font=&#8221;Roboto||||||||&#8221; text_font_size=&#8221;10px&#8221; header_font=&#8221;Roboto||||||||&#8221; header_font_size=&#8221;25px&#8221; header_2_font=&#8221;Roboto||||||||&#8221; header_2_font_size=&#8221;20px&#8221; text_orientation=&#8221;center&#8221; custom_margin=&#8221;||5px||false|false&#8221; custom_margin_tablet=&#8221;||5px||false|false&#8221; custom_margin_phone=&#8221;-30px||||false|false&#8221; custom_margin_last_edited=&#8221;on|phone&#8221; global_colors_info=&#8221;{}&#8221;]<\/p>\n<h2 class=\"title-section__title hero-content__title text-h2-title-l\" data-testid=\"genericText\">REGNSKAP<\/h2>\n<p>[\/et_pb_text][et_pb_text _builder_version=&#8221;4.23.1&#8243; _module_preset=&#8221;default&#8221; header_font=&#8221;Open Sans||||||||&#8221; header_font_size=&#8221;32px&#8221; text_orientation=&#8221;center&#8221; header_line_height_tablet=&#8221;1.3em&#8221; header_line_height_phone=&#8221;1.3em&#8221; header_line_height_last_edited=&#8221;on|tablet&#8221; global_colors_info=&#8221;{}&#8221;]<\/p>\n<h1 class=\"title-section__title hero-content__title text-h2-title-l\" data-testid=\"genericText\">Slik gir du oss tilgang til ditt regnskapsprogram<\/h1>\n<p>[\/et_pb_text][et_pb_text _builder_version=&#8221;4.23.1&#8243; _module_preset=&#8221;default&#8221; text_font=&#8221;Roboto|300|||||||&#8221; text_text_color=&#8221;#000000&#8243; text_font_size=&#8221;18px&#8221; text_line_height=&#8221;1.5em&#8221; text_orientation=&#8221;center&#8221; width=&#8221;50%&#8221; width_tablet=&#8221;75%&#8221; width_phone=&#8221;100%&#8221; width_last_edited=&#8221;on|phone&#8221; module_alignment=&#8221;center&#8221; custom_margin=&#8221;-18px||||false|false&#8221; global_colors_info=&#8221;{}&#8221;]<\/p>\n<p class=\"title-section__title hero-content__title text-h2-title-l\" data-testid=\"genericText\"><span>Under ser du hvordan du kan gi oss tilgang til regnskapsprogrammet til din bedrift. For noen av systemene m\u00e5 du gi oss tilgang, mens for andre sender vi deg en invitasjon du m\u00e5 godkjenne.<\/span><\/p>\n<p>[\/et_pb_text][et_pb_button button_url=&#8221;@ET-DC@eyJkeW5hbWljIjp0cnVlLCJjb250ZW50IjoicG9zdF9saW5rX3VybF9wYWdlIiwic2V0dGluZ3MiOnsicG9zdF9pZCI6IjI1NzMzNiJ9fQ==@&#8221; button_text=&#8221;Kontakt oss&#8221; button_alignment=&#8221;center&#8221; _builder_version=&#8221;4.23.4&#8243; _dynamic_attributes=&#8221;button_url&#8221; _module_preset=&#8221;default&#8221; custom_button=&#8221;on&#8221; button_text_size=&#8221;18px&#8221; button_text_color=&#8221;#FFFFFF&#8221; button_bg_color=&#8221;#224560&#8243; button_border_width=&#8221;0px&#8221; button_border_radius=&#8221;5px&#8221; button_font=&#8221;Roboto||||||||&#8221; custom_margin=&#8221;20px||||false|false&#8221; custom_padding=&#8221;|30px||30px|false|true&#8221; global_colors_info=&#8221;{}&#8221;][\/et_pb_button][\/et_pb_column][\/et_pb_row][\/et_pb_section][et_pb_section fb_built=&#8221;1&#8243; _builder_version=&#8221;4.22.1&#8243; _module_preset=&#8221;default&#8221; background_enable_color=&#8221;off&#8221; custom_padding=&#8221;||30px|||&#8221; global_colors_info=&#8221;{}&#8221;][et_pb_row _builder_version=&#8221;4.22.1&#8243; _module_preset=&#8221;default&#8221; global_colors_info=&#8221;{}&#8221;][et_pb_column type=&#8221;4_4&#8243; _builder_version=&#8221;4.22.1&#8243; _module_preset=&#8221;default&#8221; global_colors_info=&#8221;{}&#8221;][et_pb_text _builder_version=&#8221;4.23.1&#8243; _module_preset=&#8221;default&#8221; text_font=&#8221;Roboto|500|||||||&#8221; text_text_color=&#8221;#000000&#8243; text_font_size=&#8221;18px&#8221; text_orientation=&#8221;center&#8221; custom_margin=&#8221;-8px||||false|false&#8221; link_option_url=&#8221;#&#8221; global_colors_info=&#8221;{}&#8221; custom_margin__hover_enabled=&#8221;on|hover&#8221; custom_margin__hover=&#8221;-5px||5px||false|false&#8221; custom_padding__hover_enabled=&#8221;off|hover&#8221; custom_padding__hover=&#8221;||||false|false&#8221;]<\/p>\n<p style=\"text-align: center;\">Vi hjelper deg med oppsettet<\/p>\n<p>[\/et_pb_text][et_pb_text _builder_version=&#8221;4.23.1&#8243; _module_preset=&#8221;default&#8221; header_font=&#8221;Open Sans||||||||&#8221; header_font_size=&#8221;32px&#8221; header_line_height=&#8221;1.3em&#8221; text_orientation=&#8221;center&#8221; global_colors_info=&#8221;{}&#8221;]<\/p>\n<h1 class=\"title-section__title hero-content__title text-h2-title-l\" data-testid=\"genericText\">Fiken, PowerOffice, Conta, Tripletex eller DNB<\/h1>\n<p>[\/et_pb_text][\/et_pb_column][\/et_pb_row][et_pb_row column_structure=&#8221;1_3,2_3&#8243; use_custom_gutter=&#8221;on&#8221; gutter_width=&#8221;2&#8243; make_equal=&#8221;on&#8221; _builder_version=&#8221;4.23.1&#8243; _module_preset=&#8221;default&#8221; width=&#8221;90%&#8221; width_tablet=&#8221;55%&#8221; width_phone=&#8221;60%&#8221; width_last_edited=&#8221;on|phone&#8221; custom_margin=&#8221;||||false|false&#8221; global_colors_info=&#8221;{}&#8221;][et_pb_column type=&#8221;1_3&#8243; _builder_version=&#8221;4.22.1&#8243; _module_preset=&#8221;default&#8221; background_color=&#8221;#FFFFFF&#8221; custom_padding=&#8221;15px|40px|15px|40px|true|true&#8221; border_radii=&#8221;on|10px|10px|10px|10px&#8221; border_width_all=&#8221;2px&#8221; border_color_all=&#8221;#f5f5f5&#8243; global_colors_info=&#8221;{}&#8221;][et_pb_image src=&#8221;https:\/\/synega.com\/wp-content\/uploads\/2023\/09\/image-47.png&#8221; title_text=&#8221;image-47&#8243; _builder_version=&#8221;4.23.1&#8243; _module_preset=&#8221;default&#8221; width=&#8221;70%&#8221; module_alignment=&#8221;center&#8221; custom_margin=&#8221;5px||||false|false&#8221; global_colors_info=&#8221;{}&#8221;][\/et_pb_image][\/et_pb_column][et_pb_column type=&#8221;2_3&#8243; _builder_version=&#8221;4.23.1&#8243; _module_preset=&#8221;default&#8221; background_color=&#8221;#FFFFFF&#8221; custom_padding=&#8221;30px|0px|30px|0px|true|true&#8221; border_radii=&#8221;on|10px|10px|10px|10px&#8221; border_width_all=&#8221;2px&#8221; border_color_all=&#8221;#f5f5f5&#8243; global_colors_info=&#8221;{}&#8221;][et_pb_text _builder_version=&#8221;4.23.4&#8243; _module_preset=&#8221;default&#8221; text_font=&#8221;Roboto|300|||||||&#8221; text_text_color=&#8221;#000000&#8243; text_font_size=&#8221;18px&#8221; text_line_height=&#8221;1.5em&#8221; header_text_align=&#8221;center&#8221; text_orientation=&#8221;center&#8221; width=&#8221;80%&#8221; width_tablet=&#8221;80%&#8221; width_phone=&#8221;100%&#8221; width_last_edited=&#8221;on|phone&#8221; module_alignment=&#8221;center&#8221; custom_margin=&#8221;-15px||||false|false&#8221; global_colors_info=&#8221;{}&#8221;]<\/p>\n<p style=\"text-align: left;\">For at vi skal f\u00e5 tilgang m\u00e5 du legge til f\u00f8lgende e-postadresse under menyen \u00abForetak\u00bb &gt; \u00abBrukertilgang\u00bb: regnskap@synega.no i Fiken.<\/p>\n<p>[\/et_pb_text][\/et_pb_column][\/et_pb_row][et_pb_row column_structure=&#8221;1_3,2_3&#8243; use_custom_gutter=&#8221;on&#8221; gutter_width=&#8221;2&#8243; make_equal=&#8221;on&#8221; _builder_version=&#8221;4.23.1&#8243; _module_preset=&#8221;default&#8221; width=&#8221;90%&#8221; width_tablet=&#8221;55%&#8221; width_phone=&#8221;60%&#8221; width_last_edited=&#8221;on|phone&#8221; custom_margin=&#8221;-30px||||false|false&#8221; global_colors_info=&#8221;{}&#8221;][et_pb_column type=&#8221;1_3&#8243; _builder_version=&#8221;4.23.1&#8243; _module_preset=&#8221;default&#8221; background_color=&#8221;#FFFFFF&#8221; custom_padding=&#8221;65px|40px|65px|40px|true|true&#8221; border_radii=&#8221;on|10px|10px|10px|10px&#8221; border_width_all=&#8221;2px&#8221; border_color_all=&#8221;#f5f5f5&#8243; global_colors_info=&#8221;{}&#8221;][et_pb_image src=&#8221;https:\/\/synega.com\/wp-content\/uploads\/2023\/09\/image-50.png&#8221; title_text=&#8221;image-50&#8243; _builder_version=&#8221;4.23.1&#8243; _module_preset=&#8221;default&#8221; width=&#8221;70%&#8221; module_alignment=&#8221;center&#8221; custom_margin=&#8221;10px||||false|false&#8221; global_colors_info=&#8221;{}&#8221;][\/et_pb_image][\/et_pb_column][et_pb_column type=&#8221;2_3&#8243; _builder_version=&#8221;4.23.1&#8243; _module_preset=&#8221;default&#8221; background_color=&#8221;#FFFFFF&#8221; custom_padding=&#8221;30px|0px|30px|0px|true|true&#8221; border_radii=&#8221;on|10px|10px|10px|10px&#8221; border_width_all=&#8221;2px&#8221; border_color_all=&#8221;#f5f5f5&#8243; global_colors_info=&#8221;{}&#8221;][et_pb_text _builder_version=&#8221;4.23.1&#8243; _module_preset=&#8221;default&#8221; text_font=&#8221;Roboto|300|||||||&#8221; text_text_color=&#8221;#000000&#8243; text_font_size=&#8221;18px&#8221; text_line_height=&#8221;1.5em&#8221; header_text_align=&#8221;center&#8221; text_orientation=&#8221;center&#8221; width=&#8221;80%&#8221; width_tablet=&#8221;80%&#8221; width_phone=&#8221;100%&#8221; width_last_edited=&#8221;on|phone&#8221; module_alignment=&#8221;center&#8221; custom_margin=&#8221;-15px||||false|false&#8221; global_colors_info=&#8221;{}&#8221;]<\/p>\n<p style=\"text-align: left;\"><span>For at vi skal f\u00e5 tilgang m\u00e5 du g\u00e5 til \u00abMeny\u00bb &gt; \u00abInnstillinger\u00bb &gt; \u00abFirma\u00bb &gt; \u00abFirmainnstillinger\u00bb og legge til koden \u00abACC48016\u00bb under \u00abPartner\u00bb. Dersom du har et aktivt samarbeid med en annen regnskapsf\u00f8rer i dag, vil du ikke ha mulighet til \u00e5 legge inn v\u00e5r partnerkode f\u00f8r den aktive koden er slettet. Er du usikker p\u00e5 om du har et aktivt samarbeid i dag, og om dette er avsluttet eller ikke, vennligst kontakt Poweroffice.<\/span><\/p>\n<p>[\/et_pb_text][\/et_pb_column][\/et_pb_row][et_pb_row column_structure=&#8221;1_3,2_3&#8243; use_custom_gutter=&#8221;on&#8221; gutter_width=&#8221;2&#8243; make_equal=&#8221;on&#8221; _builder_version=&#8221;4.23.1&#8243; _module_preset=&#8221;default&#8221; width=&#8221;90%&#8221; width_tablet=&#8221;55%&#8221; width_phone=&#8221;60%&#8221; width_last_edited=&#8221;on|phone&#8221; custom_margin=&#8221;-30px||||false|false&#8221; global_colors_info=&#8221;{}&#8221;][et_pb_column type=&#8221;1_3&#8243; _builder_version=&#8221;4.23.1&#8243; _module_preset=&#8221;default&#8221; background_color=&#8221;#FFFFFF&#8221; custom_padding=&#8221;32px|50px|32px|50px|true|true&#8221; border_radii=&#8221;on|10px|10px|10px|10px&#8221; border_width_all=&#8221;2px&#8221; border_color_all=&#8221;#f5f5f5&#8243; global_colors_info=&#8221;{}&#8221;][et_pb_image src=&#8221;https:\/\/synega.com\/wp-content\/uploads\/2023\/11\/conta.png&#8221; title_text=&#8221;conta&#8221; _builder_version=&#8221;4.23.1&#8243; _module_preset=&#8221;default&#8221; width=&#8221;55%&#8221; module_alignment=&#8221;center&#8221; custom_margin=&#8221;10px||||false|false&#8221; global_colors_info=&#8221;{}&#8221;][\/et_pb_image][\/et_pb_column][et_pb_column type=&#8221;2_3&#8243; _builder_version=&#8221;4.23.1&#8243; _module_preset=&#8221;default&#8221; background_color=&#8221;#FFFFFF&#8221; custom_padding=&#8221;30px|0px|30px|0px|true|true&#8221; border_radii=&#8221;on|10px|10px|10px|10px&#8221; border_width_all=&#8221;2px&#8221; border_color_all=&#8221;#f5f5f5&#8243; global_colors_info=&#8221;{}&#8221;][et_pb_text _builder_version=&#8221;4.23.1&#8243; _module_preset=&#8221;default&#8221; text_font=&#8221;Roboto|300|||||||&#8221; text_text_color=&#8221;#000000&#8243; text_font_size=&#8221;18px&#8221; text_line_height=&#8221;1.5em&#8221; header_text_align=&#8221;center&#8221; text_orientation=&#8221;center&#8221; width=&#8221;80%&#8221; width_tablet=&#8221;80%&#8221; width_phone=&#8221;100%&#8221; width_last_edited=&#8221;on|phone&#8221; module_alignment=&#8221;center&#8221; custom_margin=&#8221;-15px||||false|false&#8221; global_colors_info=&#8221;{}&#8221;]<\/p>\n<p style=\"text-align: left;\"><span>Du kan gi tilgang til Synega Regnskap ved \u00e5 g\u00e5 til MENY &gt; MIN REGNSKAPSF\u00d8RER. Alle regnskapsbyr\u00e5 som er partnere med Conta kan s\u00f8kes opp og inviteres inn i regnskapet ditt.<\/span><\/p>\n<p>[\/et_pb_text][\/et_pb_column][\/et_pb_row][et_pb_row column_structure=&#8221;1_3,2_3&#8243; use_custom_gutter=&#8221;on&#8221; gutter_width=&#8221;2&#8243; make_equal=&#8221;on&#8221; _builder_version=&#8221;4.23.1&#8243; _module_preset=&#8221;default&#8221; width=&#8221;90%&#8221; width_tablet=&#8221;55%&#8221; width_phone=&#8221;60%&#8221; width_last_edited=&#8221;on|phone&#8221; custom_margin=&#8221;-30px||||false|false&#8221; global_colors_info=&#8221;{}&#8221;][et_pb_column type=&#8221;1_3&#8243; _builder_version=&#8221;4.23.1&#8243; _module_preset=&#8221;default&#8221; background_color=&#8221;#FFFFFF&#8221; custom_padding=&#8221;11%|75px|11%|75px|true|true&#8221; border_radii=&#8221;on|10px|10px|10px|10px&#8221; border_width_all=&#8221;2px&#8221; border_color_all=&#8221;#f5f5f5&#8243; global_colors_info=&#8221;{}&#8221;][et_pb_image src=&#8221;https:\/\/synega.com\/wp-content\/uploads\/2023\/09\/image-49.png&#8221; title_text=&#8221;image-49&#8243; _builder_version=&#8221;4.23.1&#8243; _module_preset=&#8221;default&#8221; width=&#8221;90%&#8221; module_alignment=&#8221;center&#8221; global_colors_info=&#8221;{}&#8221;][\/et_pb_image][\/et_pb_column][et_pb_column type=&#8221;2_3&#8243; _builder_version=&#8221;4.23.1&#8243; _module_preset=&#8221;default&#8221; background_color=&#8221;#FFFFFF&#8221; custom_padding=&#8221;30px|0px|30px|0px|true|true&#8221; border_radii=&#8221;on|10px|10px|10px|10px&#8221; border_width_all=&#8221;2px&#8221; border_color_all=&#8221;#f5f5f5&#8243; global_colors_info=&#8221;{}&#8221;][et_pb_text _builder_version=&#8221;4.23.1&#8243; _module_preset=&#8221;default&#8221; text_font=&#8221;Roboto|300|||||||&#8221; text_text_color=&#8221;#000000&#8243; text_font_size=&#8221;18px&#8221; text_line_height=&#8221;1.5em&#8221; header_text_align=&#8221;center&#8221; text_orientation=&#8221;center&#8221; width=&#8221;80%&#8221; width_tablet=&#8221;80%&#8221; width_phone=&#8221;100%&#8221; width_last_edited=&#8221;on|phone&#8221; module_alignment=&#8221;center&#8221; custom_margin=&#8221;-15px||||false|false&#8221; global_colors_info=&#8221;{}&#8221;]<\/p>\n<p style=\"text-align: left;\"><span>For at vi skal f\u00e5 tilgang m\u00e5 du godkjenne en invitasjonen fra oss p\u00e5 epost (denne vil bli sendt snart om du ikke allerede har mottatt den). Du m\u00e5 gi regnskapsf\u00f8rer\/revisor tilgang via \u00abRegnskap\/Regnskapsinnstillinger\u00bb. Du styrer selv hvilke rettigheter regnskapsf\u00f8rer skal ha i fanen \u00abRegnskapsf\u00f8rers rettigheter\u00bb. Det vanlige er \u00e5 gi standard rettigheter til regnskapsf\u00f8rer. Dette gj\u00f8r du ved \u00e5 velge malen \u00abRegnskapsf\u00f8rer\u00bb fra nedtrekksmenyen. Du m\u00e5 ogs\u00e5 krysse av for \u00abSystemtilgang\u00bb, som aktiverer kontotilgangen til regnskapsf\u00f8rer. Om du har benyttet en regnskapsf\u00f8rer som alene har admin-tilgang, m\u00e5 admin-tilgang f\u00f8rst overf\u00f8res til deg, f\u00f8r du kan gi oss tilgang.<\/span><\/p>\n<p>[\/et_pb_text][\/et_pb_column][\/et_pb_row][et_pb_row column_structure=&#8221;1_3,2_3&#8243; use_custom_gutter=&#8221;on&#8221; gutter_width=&#8221;2&#8243; make_equal=&#8221;on&#8221; _builder_version=&#8221;4.23.1&#8243; _module_preset=&#8221;default&#8221; width=&#8221;90%&#8221; width_tablet=&#8221;55%&#8221; width_phone=&#8221;60%&#8221; width_last_edited=&#8221;on|phone&#8221; custom_margin=&#8221;-30px||||false|false&#8221; global_colors_info=&#8221;{}&#8221;][et_pb_column type=&#8221;1_3&#8243; _builder_version=&#8221;4.23.1&#8243; _module_preset=&#8221;default&#8221; background_color=&#8221;#FFFFFF&#8221; custom_padding=&#8221;40px|30px|40px|60px|true|false&#8221; border_radii=&#8221;on|10px|10px|10px|10px&#8221; border_width_all=&#8221;2px&#8221; border_color_all=&#8221;#f5f5f5&#8243; global_colors_info=&#8221;{}&#8221;][et_pb_image src=&#8221;https:\/\/synega.com\/wp-content\/uploads\/2023\/09\/group-2260.png&#8221; title_text=&#8221;group-2260&#8243; _builder_version=&#8221;4.23.1&#8243; _module_preset=&#8221;default&#8221; width=&#8221;85%&#8221; module_alignment=&#8221;center&#8221; custom_margin=&#8221;5px||||false|false&#8221; global_colors_info=&#8221;{}&#8221;][\/et_pb_image][\/et_pb_column][et_pb_column type=&#8221;2_3&#8243; _builder_version=&#8221;4.23.1&#8243; _module_preset=&#8221;default&#8221; background_color=&#8221;#FFFFFF&#8221; custom_padding=&#8221;30px|0px|30px|0px|true|true&#8221; border_radii=&#8221;on|10px|10px|10px|10px&#8221; border_width_all=&#8221;2px&#8221; border_color_all=&#8221;#f5f5f5&#8243; global_colors_info=&#8221;{}&#8221;][et_pb_text _builder_version=&#8221;4.23.1&#8243; _module_preset=&#8221;default&#8221; text_font=&#8221;Roboto|300|||||||&#8221; text_text_color=&#8221;#000000&#8243; text_font_size=&#8221;18px&#8221; text_line_height=&#8221;1.5em&#8221; header_text_align=&#8221;center&#8221; text_orientation=&#8221;center&#8221; width=&#8221;80%&#8221; width_tablet=&#8221;80%&#8221; width_phone=&#8221;100%&#8221; width_last_edited=&#8221;on|phone&#8221; module_alignment=&#8221;center&#8221; custom_margin=&#8221;-15px||||false|false&#8221; global_colors_info=&#8221;{}&#8221;]<\/p>\n<p style=\"text-align: left;\"><span>Tilgang til regnskapet ditt i DNB regnskap gis ved \u00e5 g\u00e5 til menyen til venstre inne i ditt system. Her trykker du p\u00e5 Markedsplass \u2013 Regnskapsbyr\u00e5er. Trykk p\u00e5 byr\u00e5et som du har avtale med og gi regnskapsbyr\u00e5et tilgang.<\/span><\/p>\n<p>[\/et_pb_text][\/et_pb_column][\/et_pb_row][et_pb_row _builder_version=&#8221;4.22.1&#8243; _module_preset=&#8221;default&#8221; width=&#8221;90%&#8221; global_colors_info=&#8221;{}&#8221;][et_pb_column type=&#8221;4_4&#8243; _builder_version=&#8221;4.22.1&#8243; _module_preset=&#8221;default&#8221; global_colors_info=&#8221;{}&#8221;][et_pb_text _builder_version=&#8221;4.23.4&#8243; _dynamic_attributes=&#8221;link_option_url&#8221; _module_preset=&#8221;default&#8221; text_font=&#8221;Roboto|500|||||||&#8221; text_text_color=&#8221;#000000&#8243; text_font_size=&#8221;18px&#8221; text_orientation=&#8221;center&#8221; link_option_url=&#8221;@ET-DC@eyJkeW5hbWljIjp0cnVlLCJjb250ZW50IjoicG9zdF9saW5rX3VybF9wYWdlIiwic2V0dGluZ3MiOnsicG9zdF9pZCI6IjI1NzMzNiJ9fQ==@&#8221; global_colors_info=&#8221;{}&#8221; custom_margin__hover_enabled=&#8221;on|hover&#8221; custom_margin__hover=&#8221;-5px||5px||false|false&#8221; custom_padding__hover_enabled=&#8221;off|hover&#8221; custom_padding__hover=&#8221;||||false|false&#8221;]<\/p>\n<p style=\"text-align: center;\">Kontakt oss for hjelp <span>\u2192<\/span><\/p>\n<p>[\/et_pb_text][\/et_pb_column][\/et_pb_row][\/et_pb_section][et_pb_section fb_built=&#8221;1&#8243; _builder_version=&#8221;4.22.1&#8243; _module_preset=&#8221;default&#8221; background_enable_color=&#8221;off&#8221; custom_padding=&#8221;||60px|||&#8221; global_colors_info=&#8221;{}&#8221;][et_pb_row column_structure=&#8221;1_2,1_2&#8243; _builder_version=&#8221;4.23.1&#8243; _module_preset=&#8221;default&#8221; background_color=&#8221;#f9f1dc&#8221; width=&#8221;90%&#8221; custom_margin=&#8221;||||false|false&#8221; custom_padding=&#8221;35px|30px|35px|30px|true|true&#8221; border_radii=&#8221;on|10px|10px|10px|10px&#8221; global_colors_info=&#8221;{}&#8221;][et_pb_column type=&#8221;1_2&#8243; _builder_version=&#8221;4.22.1&#8243; _module_preset=&#8221;default&#8221; global_colors_info=&#8221;{}&#8221;][et_pb_image src=&#8221;https:\/\/synega.com\/wp-content\/uploads\/2023\/11\/man-holding-hand-out.png&#8221; title_text=&#8221;man-holding-hand-out&#8221; _builder_version=&#8221;4.23.1&#8243; _module_preset=&#8221;default&#8221; width=&#8221;75%&#8221; module_alignment=&#8221;center&#8221; custom_margin=&#8221;10px||||false|false&#8221; border_radii=&#8221;on|10px|10px|10px|10px&#8221; global_colors_info=&#8221;{}&#8221;][\/et_pb_image][\/et_pb_column][et_pb_column type=&#8221;1_2&#8243; _builder_version=&#8221;4.22.1&#8243; _module_preset=&#8221;default&#8221; global_colors_info=&#8221;{}&#8221;][et_pb_text _builder_version=&#8221;4.23.1&#8243; _module_preset=&#8221;default&#8221; header_text_align=&#8221;center&#8221; header_font_size=&#8221;32px&#8221; text_orientation=&#8221;center&#8221; custom_margin=&#8221;5px||||false|false&#8221; header_line_height_tablet=&#8221;&#8221; header_line_height_phone=&#8221;1.3em&#8221; header_line_height_last_edited=&#8221;on|phone&#8221; global_colors_info=&#8221;{}&#8221;]<\/p>\n<h1 class=\"title-section__title hero-content__title text-h2-title-l\" data-testid=\"genericText\">Bli bedre kjent med oss<\/h1>\n<p>[\/et_pb_text][et_pb_text _builder_version=&#8221;4.23.1&#8243; _module_preset=&#8221;default&#8221; text_font=&#8221;Roboto|300|||||||&#8221; text_text_color=&#8221;#000000&#8243; text_font_size=&#8221;18px&#8221; text_line_height=&#8221;1.5em&#8221; header_text_align=&#8221;center&#8221; text_orientation=&#8221;center&#8221; width=&#8221;90%&#8221; width_tablet=&#8221;90%&#8221; width_phone=&#8221;100%&#8221; width_last_edited=&#8221;on|phone&#8221; module_alignment=&#8221;center&#8221; custom_margin=&#8221;-10px||||false|false&#8221; global_colors_info=&#8221;{}&#8221;]<\/p>\n<p><span>Synega tar r\u00e5dgivning inn i det 21. \u00e5rhundre og vi jobber mot \u00e5 bli bedrifters foretrukne leverand\u00f8r av tjenester, hvor enn bedriftene m\u00e5tte befinne seg. Dette gj\u00f8r vi gjennom \u00e5 tilby et stort utvalg av fremragende tjenester, til gode priser, utelukkende over nett.<\/span><\/p>\n<p>[\/et_pb_text][et_pb_text _builder_version=&#8221;4.23.4&#8243; _dynamic_attributes=&#8221;link_option_url&#8221; _module_preset=&#8221;default&#8221; text_font=&#8221;Roboto|500|||||||&#8221; text_text_color=&#8221;#000000&#8243; text_font_size=&#8221;18px&#8221; text_orientation=&#8221;center&#8221; custom_margin=&#8221;-8px||||false|false&#8221; link_option_url=&#8221;@ET-DC@eyJkeW5hbWljIjp0cnVlLCJjb250ZW50IjoicG9zdF9saW5rX3VybF9wYWdlIiwic2V0dGluZ3MiOnsicG9zdF9pZCI6IjI1NjE5MCJ9fQ==@&#8221; global_colors_info=&#8221;{}&#8221; custom_margin__hover_enabled=&#8221;on|hover&#8221; custom_margin__hover=&#8221;-5px||5px||false|false&#8221; custom_padding__hover_enabled=&#8221;off|hover&#8221; custom_padding__hover=&#8221;||||false|false&#8221;]<\/p>\n<p style=\"text-align: center;\">Les mer om Synega Regnskap <span>\u2192<\/span><\/p>\n<p>[\/et_pb_text][\/et_pb_column][\/et_pb_row][\/et_pb_section]<\/p>\n","protected":false},"excerpt":{"rendered":"<p>REGNSKAPSlik gir du oss tilgang til ditt regnskapsprogramUnder ser du hvordan du kan gi oss tilgang til regnskapsprogrammet til din bedrift. For noen av systemene m\u00e5 du gi oss tilgang, mens for andre sender vi deg en invitasjon du m\u00e5 godkjenne.Vi hjelper deg med oppsettetFiken, PowerOffice, Conta, Tripletex eller DNBFor at vi skal f\u00e5 tilgang [&hellip;]<\/p>\n","protected":false},"author":1,"featured_media":0,"parent":0,"menu_order":0,"comment_status":"closed","ping_status":"closed","template":"","meta":{"_acf_changed":false,"_et_pb_use_builder":"on","_et_pb_old_content":"","_et_gb_content_width":"","footnotes":""},"class_list":["post-256595","page","type-page","status-publish","hentry"],"acf":[],"_links":{"self":[{"href":"https:\/\/synega.com\/no-no\/wp-json\/wp\/v2\/pages\/256595","targetHints":{"allow":["GET"]}}],"collection":[{"href":"https:\/\/synega.com\/no-no\/wp-json\/wp\/v2\/pages"}],"about":[{"href":"https:\/\/synega.com\/no-no\/wp-json\/wp\/v2\/types\/page"}],"author":[{"embeddable":true,"href":"https:\/\/synega.com\/no-no\/wp-json\/wp\/v2\/users\/1"}],"replies":[{"embeddable":true,"href":"https:\/\/synega.com\/no-no\/wp-json\/wp\/v2\/comments?post=256595"}],"version-history":[{"count":19,"href":"https:\/\/synega.com\/no-no\/wp-json\/wp\/v2\/pages\/256595\/revisions"}],"predecessor-version":[{"id":263180,"href":"https:\/\/synega.com\/no-no\/wp-json\/wp\/v2\/pages\/256595\/revisions\/263180"}],"wp:attachment":[{"href":"https:\/\/synega.com\/no-no\/wp-json\/wp\/v2\/media?parent=256595"}],"curies":[{"name":"wp","href":"https:\/\/api.w.org\/{rel}","templated":true}]}}