{"id":256768,"date":"2023-12-01T10:00:51","date_gmt":"2023-12-01T10:00:51","guid":{"rendered":"https:\/\/synega.com\/?page_id=256768"},"modified":"2025-02-28T13:45:50","modified_gmt":"2025-02-28T13:45:50","slug":"personvern","status":"publish","type":"page","link":"https:\/\/synega.com\/no-no\/personvern","title":{"rendered":"Personvern"},"content":{"rendered":"<p>[et_pb_section fb_built=&#8221;1&#8243; _builder_version=&#8221;4.22.1&#8243; _module_preset=&#8221;default&#8221; background_enable_color=&#8221;off&#8221; custom_padding=&#8221;40px||70px|||&#8221; global_colors_info=&#8221;{}&#8221;][et_pb_row _builder_version=&#8221;4.22.1&#8243; _module_preset=&#8221;default&#8221; custom_padding=&#8221;||4px|||&#8221; global_colors_info=&#8221;{}&#8221;][et_pb_column type=&#8221;4_4&#8243; _builder_version=&#8221;4.22.1&#8243; _module_preset=&#8221;default&#8221; global_colors_info=&#8221;{}&#8221;][et_pb_text _builder_version=&#8221;4.23.1&#8243; _module_preset=&#8221;default&#8221; text_font=&#8221;Roboto|300|||||||&#8221; text_text_color=&#8221;#000000&#8243; header_font=&#8221;Roboto||||||||&#8221; header_2_font=&#8221;Roboto||||||||&#8221; header_2_font_size=&#8221;18px&#8221; header_2_line_height=&#8221;1.3em&#8221; text_orientation=&#8221;center&#8221; custom_margin=&#8221;||2px||false|false&#8221; global_colors_info=&#8221;{}&#8221;]<\/p>\n<h2 style=\"text-align: center;\">PP<\/h2>\n<p>[\/et_pb_text][et_pb_text _builder_version=&#8221;4.23.1&#8243; _module_preset=&#8221;default&#8221; header_2_font=&#8221;Open Sans||||||||&#8221; header_2_font_size=&#8221;32px&#8221; header_2_line_height=&#8221;1.3em&#8221; text_orientation=&#8221;center&#8221; global_colors_info=&#8221;{}&#8221;]<\/p>\n<h2 class=\"title-section__title text-h2-title-m\" data-testid=\"genericText\" style=\"text-align: center;\">Synega AS personvernerkl\u00e6ring<\/h2>\n<p>[\/et_pb_text][et_pb_text _builder_version=&#8221;4.27.2&#8243; _module_preset=&#8221;default&#8221; text_font=&#8221;Roboto|300|||||||&#8221; text_text_color=&#8221;#000000&#8243; text_font_size=&#8221;18px&#8221; text_line_height=&#8221;1.5em&#8221; width=&#8221;100%&#8221; width_tablet=&#8221;90%&#8221; width_phone=&#8221;100%&#8221; width_last_edited=&#8221;on|phone&#8221; module_alignment=&#8221;center&#8221; custom_margin=&#8221;50px||||false|false&#8221; global_colors_info=&#8221;{}&#8221;]<\/p>\n<p class=\"title-section__subtitle title-section--aligned-left text-subtitle-m\" data-testid=\"genericText\">Publisert: 10. juni 2023<\/p>\n<p>Vi er forpliktet til \u00e5 beskytte personvernet ditt. Denne personvernerkl\u00e6ringen forklarer hvordan vi samler inn, bruker og deler din personlige informasjon, n\u00e5r du bes\u00f8ker eller foretar en bestilling fra nettstedet v\u00e5rt.<\/p>\n<p><span><strong>V\u00e5r kontaktinformasjon\u00a0<\/strong><\/span><br \/>Navn: Joachim Eidtang, Synega Operations AS<br \/>Adresse: Tordenskioldsgate 6, 0160 Oslo<br \/>Telefonnummer: +47 22 55 55 77<br \/>Epostadresse:<span>\u00a0<\/span><strong>joachim.eidtang@synega.com<\/strong><\/p>\n<p><span><strong>Typen personopplysninger vi samler inn<\/strong><\/span><\/p>\n<p>Vi samler inn og behandler for \u00f8yeblikket f\u00f8lgende informasjon:<\/p>\n<ul>\n<li aria-level=\"1\">Personlig identifikator, kontakter og kjennetegn (bedriftsnavn oppgitt via Br\u00f8nn\u00f8ysundregistrene, navn og kontaktinformasjon)<\/li>\n<li aria-level=\"1\">Tjenester etterspurt<\/li>\n<li aria-level=\"1\">\u00d8konomiske data etter behov for \u00e5 levere regnskapstjenester<\/li>\n<\/ul>\n<p><span><strong>Hvordan vi f\u00e5r personopplysningene og hvorfor vi har dem<\/strong><\/span><\/p>\n<p>Mesteparten av personopplysningene vi behandler blir gitt til oss direkte av deg av en av f\u00f8lgende grunner:<\/p>\n<ul>\n<li aria-level=\"1\">Vi samler inn personopplysningene nevnt ovenfor fra deg: For \u00e5 gj\u00f8re det mulig for deg \u00e5 komme deg enkelt gjennom nettstedet v\u00e5rt, og beholde informasjonen du skrev inn gjennom alle relevante sider.<\/li>\n<li aria-level=\"1\">Vi behandler din avtale med oss, som kan omfatte en kontrakt eller en tjenesteavtale.<\/li>\n<li aria-level=\"1\">Vi leverer tjenesten som avtalt gjennom v\u00e5r avtale.<\/li>\n<li aria-level=\"1\">Vi overv\u00e5ker og opprettholder en tjeneste av h\u00f8y kvalitet ved \u00e5 samle inn data om hvordan du bruker nettsiden og tjenestene v\u00e5re.<\/li>\n<\/ul>\n<p>&nbsp;<\/p>\n<p>Vi bruker informasjonen du har gitt oss for \u00e5:<\/p>\n<ul>\n<li aria-level=\"1\">Levere tjenestene i henhold til v\u00e5r avtale<\/li>\n<li aria-level=\"1\">Analysere, for \u00e5 forbedre m\u00e5tene \u00e5 jobbe p\u00e5<\/li>\n<li aria-level=\"1\">Oppfylle v\u00e5re forpliktelser i henhold til gjeldende lover<\/li>\n<\/ul>\n<p>&nbsp;<\/p>\n<p>Vi kan dele denne informasjonen med v\u00e5re konsulenter.<\/p>\n<p>I henhold til Norsk GDPR lovgivning er de lovlige grunnlagene vi belager oss p\u00e5 for \u00e5 behandle denne informasjonen:<\/p>\n<p><strong>A. Vi har en legitim interesse<\/strong><\/p>\n<ul>\n<li aria-level=\"1\">Tilby og forbedre tjenestene v\u00e5re: Vi samler inn og behandler personopplysninger for \u00e5 levere produktene\/tjenestene v\u00e5re effektivt, forbedre kvaliteten og optimalisere brukeropplevelsene.<\/li>\n<li aria-level=\"1\">Kommunikasjon og markedsf\u00f8ring: Vi kan bruke personopplysninger til \u00e5 kommunisere med enkeltpersoner ang\u00e5ende oppdateringer, tilbud og kampanjer knyttet til v\u00e5re tjenester, forutsatt at enkeltpersoner har gitt sitt samtykke eller ikke har uttrykt innvendinger.<\/li>\n<li aria-level=\"1\">Sikkerhet og svindelforebygging: Vi behandler personopplysninger for \u00e5 sikre sikkerheten til systemene v\u00e5re, forhindre svindel og beskytte interessene til organisasjonen v\u00e5r og enkeltpersoner som bruker tjenestene v\u00e5re.<\/li>\n<li aria-level=\"1\">Analyse og forskning: Vi kan analysere personopplysninger for \u00e5 f\u00e5 innsikt i brukerpreferanser, trender og atferdsm\u00f8nstre, slik at vi kan forbedre tjenestene v\u00e5re og utvikle nye funksjoner.<\/li>\n<\/ul>\n<p><strong>B. Vi har en kontraktsmessig forpliktelse<\/strong><\/p>\n<ul>\n<li aria-level=\"1\">Vi vil lagre opplysningene som er oppgitt for \u00e5 sikre at vi leverer tjenestene som er beskrevet i avtalen v\u00e5r<\/li>\n<\/ul>\n<p><strong>C. Vi har en juridisk forpliktelse<\/strong><\/p>\n<ul>\n<li aria-level=\"1\">Regelverket krever at vi kontakter tidligere regnskapsf\u00f8rer og revisor for \u00e5 verifisere v\u00e5re kunders motiver.<\/li>\n<\/ul>\n<p><span><strong>Hvordan vi lagrer dine personopplysninger<\/strong><\/span><\/p>\n<p><strong>Din informasjon er trygt lagret<\/strong><\/p>\n<p>Vi implementerer passende tekniske og organisatoriske tiltak, for \u00e5 sikre sikkerheten og konfidensialiteten til personopplysninger, beskytte dem mot uautorisert tilgang, endring eller avsl\u00f8ring.<\/p>\n<p><strong>Datadeling<\/strong><\/p>\n<p>Vi kan dele personopplysninger med p\u00e5litelige tredjeparts tjenesteleverand\u00f8rer og forretningspartnere, som hjelper oss med \u00e5 levere v\u00e5re tjenester. Disse partene er kontraktsmessig forpliktet til \u00e5 behandle personopplysninger i samsvar med v\u00e5re instruksjoner og gjeldende lover for beskyttelse av data.<\/p>\n<p>Dine rettigheter for beskyttelse av data<\/p>\n<p>I henhold til lov om beskyttelse av data har du blant annet f\u00f8lgende rettigheter:<\/p>\n<p><strong>Rett til innsyn<span>\u00a0<\/span><\/strong>\u2013 du har rett til \u00e5 be oss om kopier av dine personopplysninger.<\/p>\n<p><strong>Rett til korrigering<\/strong><span>\u00a0<\/span>\u2013 du har rett til \u00e5 be oss om \u00e5 rette opp personopplysninger du mener er un\u00f8yaktige. Du har ogs\u00e5 rett til \u00e5 be oss om \u00e5 fylle ut informasjon du mener er ufullstendig.<\/p>\n<p>Du er ikke p\u00e5lagt \u00e5 betale noe gebyr for \u00e5 ut\u00f8ve rettighetene dine. Hvis du sender en foresp\u00f8rsel, har vi en m\u00e5ned p\u00e5 oss til \u00e5 svare deg.<\/p>\n<p>Vennligst kontakt oss gjennom informasjonen ovenfor dersom du har en foresp\u00f8rsel.<\/p>\n<p><span><strong>Hvordan klage<\/strong><\/span><\/p>\n<p>Hvis du har noen bekymringer om v\u00e5r bruk av din personlige informasjon, kan du sende en klage til oss ved \u00e5 bruke detaljene ovenfor.<\/p>\n<p>I Norge kan du ogs\u00e5 klage til Datatilsynet dersom du er misforn\u00f8yd med hvordan vi har brukt dataene dine.<\/p>\n<p>Datatilsynets adresse:<br \/>Datatilsynet<br \/>Postboks 458 Sentrum<br \/>0105 Oslo<\/p>\n<p>Telefonnummer: (+47) 22 39 69 00<\/p>\n<p>Datatilsynets hjemmeside:<span>\u00a0<\/span><a target=\"_blank\" href=\"https:\/\/www.datatilsynet.no\/om-datatilsynet\/kontakt-oss\/klage-til-datatilsynet\/\" rel=\"noopener\">https:\/\/www.datatilsynet.no\/om-datatilsynet\/kontakt-oss\/klage-til-datatilsynet\/<\/a><\/p>\n<p>[\/et_pb_text][\/et_pb_column][\/et_pb_row][\/et_pb_section]<\/p>\n","protected":false},"excerpt":{"rendered":"<p>PPSynega AS personvernerkl\u00e6ringPublisert: 10. juni 2023 Vi er forpliktet til \u00e5 beskytte personvernet ditt. Denne personvernerkl\u00e6ringen forklarer hvordan vi samler inn, bruker og deler din personlige informasjon, n\u00e5r du bes\u00f8ker eller foretar en bestilling fra nettstedet v\u00e5rt. V\u00e5r kontaktinformasjon\u00a0Navn: Joachim Eidtang, Synega Operations ASAdresse: Tordenskioldsgate 6, 0160 OsloTelefonnummer: +47 22 55 55 77Epostadresse:\u00a0joachim.eidtang@synega.com Typen personopplysninger [&hellip;]<\/p>\n","protected":false},"author":1,"featured_media":0,"parent":0,"menu_order":0,"comment_status":"closed","ping_status":"closed","template":"","meta":{"_acf_changed":false,"_et_pb_use_builder":"on","_et_pb_old_content":"","_et_gb_content_width":"","footnotes":""},"class_list":["post-256768","page","type-page","status-publish","hentry"],"acf":[],"_links":{"self":[{"href":"https:\/\/synega.com\/no-no\/wp-json\/wp\/v2\/pages\/256768","targetHints":{"allow":["GET"]}}],"collection":[{"href":"https:\/\/synega.com\/no-no\/wp-json\/wp\/v2\/pages"}],"about":[{"href":"https:\/\/synega.com\/no-no\/wp-json\/wp\/v2\/types\/page"}],"author":[{"embeddable":true,"href":"https:\/\/synega.com\/no-no\/wp-json\/wp\/v2\/users\/1"}],"replies":[{"embeddable":true,"href":"https:\/\/synega.com\/no-no\/wp-json\/wp\/v2\/comments?post=256768"}],"version-history":[{"count":7,"href":"https:\/\/synega.com\/no-no\/wp-json\/wp\/v2\/pages\/256768\/revisions"}],"predecessor-version":[{"id":264090,"href":"https:\/\/synega.com\/no-no\/wp-json\/wp\/v2\/pages\/256768\/revisions\/264090"}],"wp:attachment":[{"href":"https:\/\/synega.com\/no-no\/wp-json\/wp\/v2\/media?parent=256768"}],"curies":[{"name":"wp","href":"https:\/\/api.w.org\/{rel}","templated":true}]}}