{"id":256771,"date":"2023-12-01T10:03:21","date_gmt":"2023-12-01T10:03:21","guid":{"rendered":"https:\/\/synega.com\/?page_id=256771"},"modified":"2023-12-08T08:55:27","modified_gmt":"2023-12-08T08:55:27","slug":"reelle-rettighetshavere-pep","status":"publish","type":"page","link":"https:\/\/synega.com\/no-no\/reelle-rettighetshavere-pep","title":{"rendered":"Reelle-rettighetshavere-pep"},"content":{"rendered":"<p>[et_pb_section fb_built=&#8221;1&#8243; _builder_version=&#8221;4.22.1&#8243; _module_preset=&#8221;default&#8221; background_enable_color=&#8221;off&#8221; custom_padding=&#8221;40px||70px|||&#8221; global_colors_info=&#8221;{}&#8221;][et_pb_row _builder_version=&#8221;4.22.1&#8243; _module_preset=&#8221;default&#8221; custom_padding=&#8221;||4px|||&#8221; global_colors_info=&#8221;{}&#8221;][et_pb_column type=&#8221;4_4&#8243; _builder_version=&#8221;4.22.1&#8243; _module_preset=&#8221;default&#8221; global_colors_info=&#8221;{}&#8221;][et_pb_text _builder_version=&#8221;4.23.1&#8243; _module_preset=&#8221;default&#8221; text_font=&#8221;Roboto|300|||||||&#8221; text_text_color=&#8221;#000000&#8243; header_font=&#8221;Roboto||||||||&#8221; header_2_font=&#8221;Roboto||||||||&#8221; header_2_font_size=&#8221;18px&#8221; header_2_line_height=&#8221;1.3em&#8221; text_orientation=&#8221;center&#8221; custom_margin=&#8221;||2px||false|false&#8221; global_colors_info=&#8221;{}&#8221;]<\/p>\n<h2 style=\"text-align: center;\">PEP<\/h2>\n<p>[\/et_pb_text][et_pb_text _builder_version=&#8221;4.23.1&#8243; _module_preset=&#8221;default&#8221; header_2_font=&#8221;Open Sans||||||||&#8221; header_2_font_size=&#8221;32px&#8221; header_2_line_height=&#8221;1.3em&#8221; text_orientation=&#8221;center&#8221; global_colors_info=&#8221;{}&#8221;]<\/p>\n<h2 class=\"title-section__title text-h2-title-m\" data-testid=\"genericText\" style=\"text-align: center;\">Hva er reelle rettighetshavere og PEP?<\/h2>\n<p>[\/et_pb_text][et_pb_text _builder_version=&#8221;4.23.1&#8243; _module_preset=&#8221;default&#8221; text_font=&#8221;Roboto|300|||||||&#8221; text_text_color=&#8221;#000000&#8243; text_font_size=&#8221;18px&#8221; text_line_height=&#8221;1.5em&#8221; width=&#8221;100%&#8221; width_tablet=&#8221;90%&#8221; width_phone=&#8221;100%&#8221; width_last_edited=&#8221;on|phone&#8221; module_alignment=&#8221;center&#8221; custom_margin=&#8221;50px||||false|false&#8221; hover_enabled=&#8221;0&#8243; global_colors_info=&#8221;{}&#8221; sticky_enabled=&#8221;0&#8243;]<\/p>\n<div class=\"p-rich_text_section\">\n<div class=\"p-rich_text_section\"><strong>Reelle rettighetshavere<\/strong><br \/>Definisjonen p\u00e5 reelle rettighetshavere er:<\/div>\n<ol data-border=\"0\" data-indent=\"0\" data-stringify-type=\"ordered-list\" class=\"p-rich_text_list p-rich_text_list__ordered\">\n<li data-stringify-border=\"0\" data-stringify-indent=\"0\">Eier mer enn 25 % av eierandelene i foretaket.<\/li>\n<li data-stringify-border=\"0\" data-stringify-indent=\"0\">Kontrollerer mer enn 25 % av det totale antallet stemmer i foretaket.<\/li>\n<li data-stringify-border=\"0\" data-stringify-indent=\"0\">Har rett til \u00e5 utpeke eller avsette mer enn halvparten av foretakets styremedlemmer eller tilsvarende.<\/li>\n<li data-stringify-border=\"0\" data-stringify-indent=\"0\">P\u00e5 grunn av avtale med eiere, medlemmer, den juridiske personen eller sammenslutningen, vedtekter eller tilsvarende, kan ut\u00f8ve kontroll i selskapet.<\/li>\n<li data-stringify-border=\"0\" data-stringify-indent=\"0\">P\u00e5 annen m\u00e5te ut\u00f8ver kontroll over den juridiske personen eller sammenslutningen.<\/li>\n<\/ol>\n<\/div>\n<div class=\"p-rich_text_section\"><\/div>\n<div class=\"p-rich_text_section\"><strong>Politisk eksponert person (PEP)<\/strong><br \/>Definisjonen etter hvitvaskingsloven p\u00e5 hvem som regnes som en politisk eksponert person (PEP), er en fysisk person som innehar eller har innehatt stilling eller verv som:<\/div>\n<ol data-border=\"0\" data-indent=\"0\" data-stringify-type=\"ordered-list\" class=\"p-rich_text_list p-rich_text_list__ordered\">\n<li data-stringify-border=\"0\" data-stringify-indent=\"0\">Statsoverhode, regjeringssjef, minister eller assisterende minister<\/li>\n<li data-stringify-border=\"0\" data-stringify-indent=\"0\">Medlem av nasjonalforsamling<\/li>\n<li data-stringify-border=\"0\" data-stringify-indent=\"0\">Medlem av styrende organ i politisk parti<\/li>\n<li data-stringify-border=\"0\" data-stringify-indent=\"0\">Medlem av h\u00f8yere rettsinstans som treffer beslutning som ikke eller bare unntaksvis kan ankes<\/li>\n<li data-stringify-border=\"0\" data-stringify-indent=\"0\">Medlem av styre i riksrevisjon, revisjonsdomstol eller sentralbank<\/li>\n<li data-stringify-border=\"0\" data-stringify-indent=\"0\">Ambassad\u00f8r, charg\u00e9 d\u2019affaires eller milit\u00e6r offiser av h\u00f8yere rang<\/li>\n<li data-stringify-border=\"0\" data-stringify-indent=\"0\">Medlem av administrativt, ledende eller kontrollerende organ i statlig foretak<\/li>\n<li data-stringify-border=\"0\" data-stringify-indent=\"0\">Direkt\u00f8r, styremedlem eller annen person i \u00f8verste ledelse i internasjonal organisasjon<\/li>\n<\/ol>\n<p>Med n\u00e6rt familiemedlem menes: Foreldre, ektefelle, registrert partner, samboer og barn, samt barns ektefelle, registrert partner eller samboer.<\/p>\n<p>Med n\u00e6r medarbeider menes en fysisk person som er kjent for \u00e5:<br \/>1) v\u00e6re reell rettighetshaver i juridisk person, sammenslutning eller utenlandsk juridisk arrangement i felleskap med politisk eksponert person<br \/>2) ha n\u00e6r forretningsforbindelse til politisk eksponert person<br \/>3) v\u00e6re eneste reelle rettighetshaver i juridisk person, sammenslutning eller utenlandsk juridisk arrangement som i realiteten er etablert for \u00e5 begunstige politisk eksponert person.)<\/p>\n<p>[\/et_pb_text][\/et_pb_column][\/et_pb_row][\/et_pb_section]<\/p>\n","protected":false},"excerpt":{"rendered":"<p>PEPHva er reelle rettighetshavere og PEP? Reelle rettighetshavereDefinisjonen p\u00e5 reelle rettighetshavere er: Eier mer enn 25 % av eierandelene i foretaket. Kontrollerer mer enn 25 % av det totale antallet stemmer i foretaket. Har rett til \u00e5 utpeke eller avsette mer enn halvparten av foretakets styremedlemmer eller tilsvarende. P\u00e5 grunn av avtale med eiere, medlemmer, [&hellip;]<\/p>\n","protected":false},"author":1,"featured_media":0,"parent":0,"menu_order":0,"comment_status":"closed","ping_status":"closed","template":"","meta":{"_acf_changed":false,"_et_pb_use_builder":"on","_et_pb_old_content":"","_et_gb_content_width":"","footnotes":""},"class_list":["post-256771","page","type-page","status-publish","hentry"],"acf":[],"_links":{"self":[{"href":"https:\/\/synega.com\/no-no\/wp-json\/wp\/v2\/pages\/256771","targetHints":{"allow":["GET"]}}],"collection":[{"href":"https:\/\/synega.com\/no-no\/wp-json\/wp\/v2\/pages"}],"about":[{"href":"https:\/\/synega.com\/no-no\/wp-json\/wp\/v2\/types\/page"}],"author":[{"embeddable":true,"href":"https:\/\/synega.com\/no-no\/wp-json\/wp\/v2\/users\/1"}],"replies":[{"embeddable":true,"href":"https:\/\/synega.com\/no-no\/wp-json\/wp\/v2\/comments?post=256771"}],"version-history":[{"count":4,"href":"https:\/\/synega.com\/no-no\/wp-json\/wp\/v2\/pages\/256771\/revisions"}],"predecessor-version":[{"id":256788,"href":"https:\/\/synega.com\/no-no\/wp-json\/wp\/v2\/pages\/256771\/revisions\/256788"}],"wp:attachment":[{"href":"https:\/\/synega.com\/no-no\/wp-json\/wp\/v2\/media?parent=256771"}],"curies":[{"name":"wp","href":"https:\/\/api.w.org\/{rel}","templated":true}]}}